{"id":862,"date":"2026-03-27T16:07:42","date_gmt":"2026-03-27T19:07:42","guid":{"rendered":"https:\/\/inovaticare.com.br\/?page_id=862"},"modified":"2026-04-10T17:55:34","modified_gmt":"2026-04-10T20:55:34","slug":"bruxismo-e-apertamento","status":"publish","type":"page","link":"https:\/\/inovaticare.com.br\/?page_id=862","title":{"rendered":"Bruxismo e apertamento"},"content":{"rendered":"\t\t<div data-elementor-type=\"wp-page\" data-elementor-id=\"862\" class=\"elementor elementor-862\" data-elementor-post-type=\"page\">\n\t\t\t\t<div class=\"elementor-element elementor-element-039ee85 elementor-hidden-desktop elementor-hidden-laptop e-flex e-con-boxed elementor-invisible e-con e-parent\" data-id=\"039ee85\" data-element_type=\"container\" data-e-type=\"container\" data-settings=\"{&quot;background_background&quot;:&quot;classic&quot;,&quot;animation&quot;:&quot;fadeInRight&quot;}\">\n\t\t\t\t\t<div class=\"e-con-inner\">\n\t\t<div class=\"elementor-element elementor-element-bcca8d4 e-con-full elementor-hidden-tablet elementor-hidden-mobile e-flex elementor-invisible e-con e-child\" data-id=\"bcca8d4\" data-element_type=\"container\" data-e-type=\"container\" data-settings=\"{&quot;animation&quot;:&quot;fadeInLeft&quot;}\">\n\t\t\t\t<div class=\"elementor-element elementor-element-24634d8 elementor-widget elementor-widget-heading\" data-id=\"24634d8\" data-element_type=\"widget\" data-e-type=\"widget\" data-widget_type=\"heading.default\">\n\t\t\t\t\t<h1 class=\"elementor-heading-title elementor-size-default\">Bruxismo e Apertamento<\/h1>\t\t\t\t<\/div>\n\t\t\t\t<div class=\"elementor-element elementor-element-874ae85 elementor-widget elementor-widget-text-editor\" data-id=\"874ae85\" data-element_type=\"widget\" data-e-type=\"widget\" data-widget_type=\"text-editor.default\">\n\t\t\t\t\t\t\t\t\t<p>O bruxismo e o apertamento dent\u00e1rio afetam milh\u00f5es de pessoas e podem causar desgaste nos dentes, dores musculares, estalos na mand\u00edbula e at\u00e9 dificuldades para dormir.<\/p><p>Identificar e tratar esses problemas \u00e9 essencial para preservar a sa\u00fade bucal e a qualidade de vida.<\/p>\t\t\t\t\t\t\t\t<\/div>\n\t\t\t\t<\/div>\n\t\t<div class=\"elementor-element elementor-element-a31b901 e-con-full elementor-hidden-desktop elementor-hidden-laptop e-flex elementor-invisible e-con e-child\" data-id=\"a31b901\" data-element_type=\"container\" data-e-type=\"container\" data-settings=\"{&quot;animation&quot;:&quot;fadeInLeft&quot;,&quot;background_background&quot;:&quot;classic&quot;}\">\n\t\t\t\t<div class=\"elementor-element elementor-element-4ac9391 elementor-widget elementor-widget-heading\" data-id=\"4ac9391\" data-element_type=\"widget\" data-e-type=\"widget\" data-widget_type=\"heading.default\">\n\t\t\t\t\t<h1 class=\"elementor-heading-title elementor-size-default\">Bruxismo e Apertamento<\/h1>\t\t\t\t<\/div>\n\t\t\t\t<div class=\"elementor-element elementor-element-b33c7b2 elementor-widget elementor-widget-text-editor\" data-id=\"b33c7b2\" data-element_type=\"widget\" data-e-type=\"widget\" data-widget_type=\"text-editor.default\">\n\t\t\t\t\t\t\t\t\t<p>O bruxismo e o apertamento dent\u00e1rio afetam milh\u00f5es de pessoas e podem causar desgaste nos dentes, dores musculares, estalos na mand\u00edbula e at\u00e9 dificuldades para dormir.<\/p><p>Identificar e tratar esses problemas \u00e9 essencial para preservar a sa\u00fade bucal e a qualidade de vida.<\/p>\t\t\t\t\t\t\t\t<\/div>\n\t\t\t\t<\/div>\n\t\t\t\t\t<\/div>\n\t\t\t\t<\/div>\n\t\t<div class=\"elementor-element elementor-element-89c7602 e-con-full elementor-hidden-tablet elementor-hidden-mobile e-flex e-con e-parent\" data-id=\"89c7602\" data-element_type=\"container\" data-e-type=\"container\" data-settings=\"{&quot;background_background&quot;:&quot;classic&quot;}\">\n\t\t<div class=\"elementor-element elementor-element-04df2cc e-con-full e-flex e-con e-child\" data-id=\"04df2cc\" data-element_type=\"container\" data-e-type=\"container\">\n\t\t\t\t<div class=\"elementor-element elementor-element-6f484a1 elementor-widget elementor-widget-heading\" data-id=\"6f484a1\" data-element_type=\"widget\" data-e-type=\"widget\" data-widget_type=\"heading.default\">\n\t\t\t\t\t<h1 class=\"elementor-heading-title elementor-size-default\">Tratamentos\n<\/h1>\t\t\t\t<\/div>\n\t\t\t\t<div class=\"elementor-element elementor-element-928e716 elementor-invisible elementor-widget elementor-widget-heading\" data-id=\"928e716\" data-element_type=\"widget\" data-e-type=\"widget\" data-settings=\"{&quot;_animation&quot;:&quot;fadeInLeft&quot;}\" data-widget_type=\"heading.default\">\n\t\t\t\t\t<h1 class=\"elementor-heading-title elementor-size-default\">Bruxismo e Apertamento<\/h1>\t\t\t\t<\/div>\n\t\t\t\t<div class=\"elementor-element elementor-element-ebabf74 elementor-invisible elementor-widget elementor-widget-text-editor\" data-id=\"ebabf74\" data-element_type=\"widget\" data-e-type=\"widget\" data-settings=\"{&quot;_animation&quot;:&quot;fadeInLeft&quot;}\" data-widget_type=\"text-editor.default\">\n\t\t\t\t\t\t\t\t\t<p>O bruxismo e o apertamento dent\u00e1rio afetam milh\u00f5es de pessoas e podem causar desgaste nos dentes, dores musculares, estalos na mand\u00edbula e at\u00e9 dificuldades para dormir.<br \/>Identificar e tratar esses problemas \u00e9 essencial para preservar a sa\u00fade bucal e a qualidade de vida.<\/p>\t\t\t\t\t\t\t\t<\/div>\n\t\t\t\t<\/div>\n\t\t<div class=\"elementor-element elementor-element-86d3588 e-con-full e-flex elementor-invisible e-con e-child\" data-id=\"86d3588\" data-element_type=\"container\" data-e-type=\"container\" data-settings=\"{&quot;background_background&quot;:&quot;classic&quot;,&quot;animation&quot;:&quot;fadeInRight&quot;}\">\n\t\t\t\t<\/div>\n\t\t\t\t<\/div>\n\t\t<div class=\"elementor-element elementor-element-6479b82 e-flex e-con-boxed e-con e-parent\" data-id=\"6479b82\" data-element_type=\"container\" data-e-type=\"container\" data-settings=\"{&quot;background_background&quot;:&quot;classic&quot;}\">\n\t\t\t\t\t<div class=\"e-con-inner\">\n\t\t<div class=\"elementor-element elementor-element-dd0ec51 e-con-full e-flex e-con e-child\" data-id=\"dd0ec51\" data-element_type=\"container\" data-e-type=\"container\">\n\t\t\t\t<div class=\"elementor-element elementor-element-2321dd5 elementor-view-default elementor-invisible elementor-widget elementor-widget-icon\" data-id=\"2321dd5\" data-element_type=\"widget\" data-e-type=\"widget\" data-settings=\"{&quot;_animation&quot;:&quot;fadeInLeft&quot;}\" data-widget_type=\"icon.default\">\n\t\t\t\t\t\t\t<div class=\"elementor-icon-wrapper\">\n\t\t\t<div class=\"elementor-icon\">\n\t\t\t<svg xmlns=\"http:\/\/www.w3.org\/2000\/svg\" width=\"24\" height=\"24\" viewBox=\"0 0 24 24\" fill=\"none\"><path d=\"M17.5 3C18.7858 3 19.8882 3.63526 20.6982 4.67676C21.5165 5.72897 21.9999 7.15971 22 8.59961C22 9.62288 21.7534 10.8878 21.3652 12.0381C20.9666 13.2193 20.4761 14.1098 20.0928 14.4932C19.8154 14.7707 19.6167 15.1591 19.4707 15.4893C19.3118 15.8486 19.158 16.275 19.0088 16.7227C18.8588 17.1727 18.7056 17.6694 18.5498 18.1709C18.3927 18.6767 18.2316 19.1918 18.0635 19.6963C17.7222 20.7202 17.3705 21.6334 16.9961 22.2773C16.8092 22.5988 16.6456 22.802 16.5166 22.915C16.4464 22.9765 16.4052 22.9941 16.3906 22.999C15.4606 22.9968 15.0267 22.6664 14.751 22.2471C14.4172 21.7395 14.2445 20.9859 14.1465 20.0459C14.0987 19.5872 14.0725 19.1325 14.04 18.667C14.0087 18.2181 13.971 17.7496 13.8984 17.332C13.829 16.9326 13.7091 16.4581 13.4414 16.0664C13.1294 15.6101 12.6364 15.2998 12 15.2998C11.3636 15.2998 10.8706 15.6101 10.5586 16.0664C10.2909 16.4581 10.171 16.9326 10.1016 17.332C10.029 17.7496 9.9913 18.2181 9.95996 18.667C9.92746 19.1325 9.90134 19.5872 9.85352 20.0459C9.75549 20.9859 9.5828 21.7395 9.24902 22.2471C8.97317 22.6665 8.53908 22.997 7.6084 22.999C7.59309 22.9936 7.55219 22.9753 7.4834 22.915C7.3544 22.802 7.19083 22.5988 7.00391 22.2773C6.62953 21.6334 6.27783 20.7202 5.93652 19.6963C5.76836 19.1918 5.60731 18.6767 5.4502 18.1709C5.2944 17.6694 5.14123 17.1727 4.99121 16.7227C4.84199 16.275 4.68817 15.8486 4.5293 15.4893C4.38329 15.1591 4.18463 14.7707 3.90723 14.4932C3.52387 14.1098 3.03336 13.2193 2.63477 12.0381C2.2466 10.8878 2 9.62288 2 8.59961C2.00009 7.15971 2.48347 5.72897 3.30176 4.67676C4.11181 3.63526 5.21424 3 6.5 3C8.0047 3 8.70368 3.24358 9.29102 3.47852C9.96042 3.74628 10.6807 4.09961 12 4.09961C13.3193 4.09961 14.0396 3.74628 14.709 3.47852C15.2963 3.24358 15.9953 3 17.5 3Z\" stroke=\"#873A49\" stroke-width=\"2\"><\/path><\/svg>\t\t\t<\/div>\n\t\t<\/div>\n\t\t\t\t\t\t<\/div>\n\t\t\t\t<div class=\"elementor-element elementor-element-d1a06a5 elementor-invisible elementor-widget elementor-widget-text-editor\" data-id=\"d1a06a5\" data-element_type=\"widget\" data-e-type=\"widget\" data-settings=\"{&quot;_animation&quot;:&quot;fadeInRight&quot;}\" data-widget_type=\"text-editor.default\">\n\t\t\t\t\t\t\t\t\t<p>Na Inovati Care, <strong>realizamos diagn\u00f3sticos completos e indicamos o uso de aparelhos personalizados que ajudam a relaxar a musculatura, diminuir a dor e proteger os dentes contra fraturas e desgastes.<\/strong><br \/><br \/>Tamb\u00e9m oferecemos orienta\u00e7\u00f5es sobre h\u00e1bitos e fatores que influenciam o problema.<\/p>\t\t\t\t\t\t\t\t<\/div>\n\t\t\t\t<\/div>\n\t\t\t\t\t<\/div>\n\t\t\t\t<\/div>\n\t\t<div class=\"elementor-element elementor-element-22474e6 e-flex e-con-boxed e-con e-parent\" data-id=\"22474e6\" data-element_type=\"container\" data-e-type=\"container\" data-settings=\"{&quot;background_background&quot;:&quot;classic&quot;}\">\n\t\t\t\t\t<div class=\"e-con-inner\">\n\t\t<div class=\"elementor-element elementor-element-053aee6 e-con-full e-flex e-con e-child\" data-id=\"053aee6\" data-element_type=\"container\" data-e-type=\"container\">\n\t\t\t\t<div class=\"elementor-element elementor-element-921a0c8 elementor-invisible elementor-widget elementor-widget-heading\" data-id=\"921a0c8\" data-element_type=\"widget\" data-e-type=\"widget\" data-settings=\"{&quot;_animation&quot;:&quot;fadeInDown&quot;}\" data-widget_type=\"heading.default\">\n\t\t\t\t\t<h1 class=\"elementor-heading-title elementor-size-default\">Nossos diferenciais <\/h1>\t\t\t\t<\/div>\n\t\t\t\t<\/div>\n\t\t<div class=\"elementor-element elementor-element-5e64072 e-con-full e-flex elementor-invisible e-con e-child\" data-id=\"5e64072\" data-element_type=\"container\" data-e-type=\"container\" data-settings=\"{&quot;background_background&quot;:&quot;classic&quot;,&quot;animation&quot;:&quot;fadeInUp&quot;}\">\n\t\t<div class=\"elementor-element elementor-element-04e3f30 e-con-full e-flex e-con e-child\" data-id=\"04e3f30\" data-element_type=\"container\" data-e-type=\"container\">\n\t\t\t\t<div class=\"elementor-element elementor-element-0b15fd8 elementor-view-default elementor-widget elementor-widget-icon\" data-id=\"0b15fd8\" data-element_type=\"widget\" data-e-type=\"widget\" data-widget_type=\"icon.default\">\n\t\t\t\t\t\t\t<div class=\"elementor-icon-wrapper\">\n\t\t\t<div class=\"elementor-icon\">\n\t\t\t<svg aria-hidden=\"true\" class=\"e-font-icon-svg e-fas-address-book\" viewBox=\"0 0 448 512\" xmlns=\"http:\/\/www.w3.org\/2000\/svg\"><path d=\"M436 160c6.6 0 12-5.4 12-12v-40c0-6.6-5.4-12-12-12h-20V48c0-26.5-21.5-48-48-48H48C21.5 0 0 21.5 0 48v416c0 26.5 21.5 48 48 48h320c26.5 0 48-21.5 48-48v-48h20c6.6 0 12-5.4 12-12v-40c0-6.6-5.4-12-12-12h-20v-64h20c6.6 0 12-5.4 12-12v-40c0-6.6-5.4-12-12-12h-20v-64h20zm-228-32c35.3 0 64 28.7 64 64s-28.7 64-64 64-64-28.7-64-64 28.7-64 64-64zm112 236.8c0 10.6-10 19.2-22.4 19.2H118.4C106 384 96 375.4 96 364.8v-19.2c0-31.8 30.1-57.6 67.2-57.6h5c12.3 5.1 25.7 8 39.8 8s27.6-2.9 39.8-8h5c37.1 0 67.2 25.8 67.2 57.6v19.2z\"><\/path><\/svg>\t\t\t<\/div>\n\t\t<\/div>\n\t\t\t\t\t\t<\/div>\n\t\t\t\t<div class=\"elementor-element elementor-element-8bddf9a elementor-widget elementor-widget-text-editor\" data-id=\"8bddf9a\" data-element_type=\"widget\" data-e-type=\"widget\" data-widget_type=\"text-editor.default\">\n\t\t\t\t\t\t\t\t\t<p>Diagn\u00f3stico completo e individualizado, garantindo que o tratamento seja adequado a cada paciente.<\/p>\t\t\t\t\t\t\t\t<\/div>\n\t\t\t\t<\/div>\n\t\t<div class=\"elementor-element elementor-element-4475843 e-con-full e-flex e-con e-child\" data-id=\"4475843\" data-element_type=\"container\" data-e-type=\"container\">\n\t\t\t\t<div class=\"elementor-element elementor-element-681ce6b elementor-view-default elementor-widget elementor-widget-icon\" data-id=\"681ce6b\" data-element_type=\"widget\" data-e-type=\"widget\" data-widget_type=\"icon.default\">\n\t\t\t\t\t\t\t<div class=\"elementor-icon-wrapper\">\n\t\t\t<div class=\"elementor-icon\">\n\t\t\t<svg aria-hidden=\"true\" class=\"e-font-icon-svg e-fas-ruler-combined\" viewBox=\"0 0 512 512\" xmlns=\"http:\/\/www.w3.org\/2000\/svg\"><path d=\"M160 288h-56c-4.42 0-8-3.58-8-8v-16c0-4.42 3.58-8 8-8h56v-64h-56c-4.42 0-8-3.58-8-8v-16c0-4.42 3.58-8 8-8h56V96h-56c-4.42 0-8-3.58-8-8V72c0-4.42 3.58-8 8-8h56V32c0-17.67-14.33-32-32-32H32C14.33 0 0 14.33 0 32v448c0 2.77.91 5.24 1.57 7.8L160 329.38V288zm320 64h-32v56c0 4.42-3.58 8-8 8h-16c-4.42 0-8-3.58-8-8v-56h-64v56c0 4.42-3.58 8-8 8h-16c-4.42 0-8-3.58-8-8v-56h-64v56c0 4.42-3.58 8-8 8h-16c-4.42 0-8-3.58-8-8v-56h-41.37L24.2 510.43c2.56.66 5.04 1.57 7.8 1.57h448c17.67 0 32-14.33 32-32v-96c0-17.67-14.33-32-32-32z\"><\/path><\/svg>\t\t\t<\/div>\n\t\t<\/div>\n\t\t\t\t\t\t<\/div>\n\t\t\t\t<div class=\"elementor-element elementor-element-3ed8d6d elementor-widget elementor-widget-text-editor\" data-id=\"3ed8d6d\" data-element_type=\"widget\" data-e-type=\"widget\" data-widget_type=\"text-editor.default\">\n\t\t\t\t\t\t\t\t\t<p>Aparelhos personalizados feitos sob medida.<\/p>\t\t\t\t\t\t\t\t<\/div>\n\t\t\t\t<\/div>\n\t\t<div class=\"elementor-element elementor-element-7ea3e95 e-con-full e-flex e-con e-child\" data-id=\"7ea3e95\" data-element_type=\"container\" data-e-type=\"container\">\n\t\t\t\t<div class=\"elementor-element elementor-element-d9fc56d elementor-view-default elementor-widget elementor-widget-icon\" data-id=\"d9fc56d\" data-element_type=\"widget\" data-e-type=\"widget\" data-widget_type=\"icon.default\">\n\t\t\t\t\t\t\t<div class=\"elementor-icon-wrapper\">\n\t\t\t<div class=\"elementor-icon\">\n\t\t\t<svg aria-hidden=\"true\" class=\"e-font-icon-svg e-far-edit\" viewBox=\"0 0 576 512\" xmlns=\"http:\/\/www.w3.org\/2000\/svg\"><path d=\"M402.3 344.9l32-32c5-5 13.7-1.5 13.7 5.7V464c0 26.5-21.5 48-48 48H48c-26.5 0-48-21.5-48-48V112c0-26.5 21.5-48 48-48h273.5c7.1 0 10.7 8.6 5.7 13.7l-32 32c-1.5 1.5-3.5 2.3-5.7 2.3H48v352h352V350.5c0-2.1.8-4.1 2.3-5.6zm156.6-201.8L296.3 405.7l-90.4 10c-26.2 2.9-48.5-19.2-45.6-45.6l10-90.4L432.9 17.1c22.9-22.9 59.9-22.9 82.7 0l43.2 43.2c22.9 22.9 22.9 60 .1 82.8zM460.1 174L402 115.9 216.2 301.8l-7.3 65.3 65.3-7.3L460.1 174zm64.8-79.7l-43.2-43.2c-4.1-4.1-10.8-4.1-14.8 0L436 82l58.1 58.1 30.9-30.9c4-4.2 4-10.8-.1-14.9z\"><\/path><\/svg>\t\t\t<\/div>\n\t\t<\/div>\n\t\t\t\t\t\t<\/div>\n\t\t\t\t<div class=\"elementor-element elementor-element-012b660 elementor-widget elementor-widget-text-editor\" data-id=\"012b660\" data-element_type=\"widget\" data-e-type=\"widget\" data-widget_type=\"text-editor.default\">\n\t\t\t\t\t\t\t\t\t<p>Orienta\u00e7\u00f5es sobre h\u00e1bitos e fatores que influenciam o problema.<\/p>\t\t\t\t\t\t\t\t<\/div>\n\t\t\t\t<\/div>\n\t\t\t\t<\/div>\n\t\t\t\t\t<\/div>\n\t\t\t\t<\/div>\n\t\t<div class=\"elementor-element elementor-element-c963dbd e-flex e-con-boxed elementor-invisible e-con e-parent\" data-id=\"c963dbd\" data-element_type=\"container\" data-e-type=\"container\" data-settings=\"{&quot;background_background&quot;:&quot;classic&quot;,&quot;animation&quot;:&quot;fadeInRight&quot;}\">\n\t\t\t\t\t<div class=\"e-con-inner\">\n\t\t<div class=\"elementor-element elementor-element-c9a0480 e-con-full e-flex elementor-invisible e-con e-child\" data-id=\"c9a0480\" data-element_type=\"container\" data-e-type=\"container\" data-settings=\"{&quot;animation&quot;:&quot;fadeInLeft&quot;}\">\n\t\t\t\t<div class=\"elementor-element elementor-element-0f68e2c elementor-widget-mobile__width-initial elementor-widget elementor-widget-heading\" data-id=\"0f68e2c\" data-element_type=\"widget\" data-e-type=\"widget\" data-widget_type=\"heading.default\">\n\t\t\t\t\t<h1 class=\"elementor-heading-title elementor-size-default\">Diminua as dores e proteja seu sorriso.<\/h1>\t\t\t\t<\/div>\n\t\t\t\t<div class=\"elementor-element elementor-element-1bed221 elementor-widget-tablet__width-initial elementor-widget elementor-widget-text-editor\" data-id=\"1bed221\" data-element_type=\"widget\" data-e-type=\"widget\" data-widget_type=\"text-editor.default\">\n\t\t\t\t\t\t\t\t\t<p>Agende sua consulta de avalia\u00e7\u00e3o e descubra como controlar o bruxismo e recuperar o bem-estar.<\/p>\t\t\t\t\t\t\t\t<\/div>\n\t\t\t\t<div class=\"elementor-element elementor-element-6e131a6 elementor-mobile-align-center elementor-align-left elementor-widget elementor-widget-button\" data-id=\"6e131a6\" data-element_type=\"widget\" data-e-type=\"widget\" data-widget_type=\"button.default\">\n\t\t\t\t\t\t\t\t\t\t<a class=\"elementor-button elementor-button-link elementor-size-sm elementor-animation-grow\" href=\"https:\/\/inovaticare.com.br\/?page_id=881\">\n\t\t\t\t\t\t<span class=\"elementor-button-content-wrapper\">\n\t\t\t\t\t\t\t\t\t<span class=\"elementor-button-text\">Agende sua consulta agora!<\/span>\n\t\t\t\t\t<\/span>\n\t\t\t\t\t<\/a>\n\t\t\t\t\t\t\t\t<\/div>\n\t\t\t\t<\/div>\n\t\t\t\t\t<\/div>\n\t\t\t\t<\/div>\n\t\t\t\t<\/div>\n\t\t","protected":false},"excerpt":{"rendered":"<p>Bruxismo e Apertamento O bruxismo e o apertamento dent\u00e1rio afetam milh\u00f5es de pessoas e podem causar desgaste nos dentes, dores musculares, estalos na mand\u00edbula e at\u00e9 dificuldades para dormir. Identificar e tratar esses problemas \u00e9 essencial para preservar a sa\u00fade bucal e a qualidade de vida. Bruxismo e Apertamento O bruxismo e o apertamento dent\u00e1rio [&hellip;]<\/p>\n","protected":false},"author":1,"featured_media":0,"parent":0,"menu_order":0,"comment_status":"closed","ping_status":"closed","template":"elementor_header_footer","meta":{"footnotes":""},"class_list":["post-862","page","type-page","status-publish","hentry"],"_links":{"self":[{"href":"https:\/\/inovaticare.com.br\/index.php?rest_route=\/wp\/v2\/pages\/862","targetHints":{"allow":["GET"]}}],"collection":[{"href":"https:\/\/inovaticare.com.br\/index.php?rest_route=\/wp\/v2\/pages"}],"about":[{"href":"https:\/\/inovaticare.com.br\/index.php?rest_route=\/wp\/v2\/types\/page"}],"author":[{"embeddable":true,"href":"https:\/\/inovaticare.com.br\/index.php?rest_route=\/wp\/v2\/users\/1"}],"replies":[{"embeddable":true,"href":"https:\/\/inovaticare.com.br\/index.php?rest_route=%2Fwp%2Fv2%2Fcomments&post=862"}],"version-history":[{"count":30,"href":"https:\/\/inovaticare.com.br\/index.php?rest_route=\/wp\/v2\/pages\/862\/revisions"}],"predecessor-version":[{"id":5029,"href":"https:\/\/inovaticare.com.br\/index.php?rest_route=\/wp\/v2\/pages\/862\/revisions\/5029"}],"wp:attachment":[{"href":"https:\/\/inovaticare.com.br\/index.php?rest_route=%2Fwp%2Fv2%2Fmedia&parent=862"}],"curies":[{"name":"wp","href":"https:\/\/api.w.org\/{rel}","templated":true}]}}