{"id":856,"date":"2026-03-27T16:06:26","date_gmt":"2026-03-27T19:06:26","guid":{"rendered":"https:\/\/inovaticare.com.br\/?page_id=856"},"modified":"2026-04-10T18:29:39","modified_gmt":"2026-04-10T21:29:39","slug":"estetica","status":"publish","type":"page","link":"https:\/\/inovaticare.com.br\/?page_id=856","title":{"rendered":"Est\u00e9tica"},"content":{"rendered":"\t\t<div data-elementor-type=\"wp-page\" data-elementor-id=\"856\" class=\"elementor elementor-856\" data-elementor-post-type=\"page\">\n\t\t\t\t<div class=\"elementor-element elementor-element-2f281fb elementor-hidden-desktop elementor-hidden-laptop e-flex e-con-boxed elementor-invisible e-con e-parent\" data-id=\"2f281fb\" data-element_type=\"container\" data-e-type=\"container\" data-settings=\"{&quot;background_background&quot;:&quot;classic&quot;,&quot;animation&quot;:&quot;fadeInRight&quot;}\">\n\t\t\t\t\t<div class=\"e-con-inner\">\n\t\t<div class=\"elementor-element elementor-element-19b41a4 e-con-full elementor-hidden-tablet elementor-hidden-mobile e-flex elementor-invisible e-con e-child\" data-id=\"19b41a4\" data-element_type=\"container\" data-e-type=\"container\" data-settings=\"{&quot;animation&quot;:&quot;fadeInLeft&quot;}\">\n\t\t\t\t<div class=\"elementor-element elementor-element-cbedfda elementor-widget elementor-widget-heading\" data-id=\"cbedfda\" data-element_type=\"widget\" data-e-type=\"widget\" data-widget_type=\"heading.default\">\n\t\t\t\t\t<h1 class=\"elementor-heading-title elementor-size-default\">Est\u00e9tica<\/h1>\t\t\t\t<\/div>\n\t\t\t\t<div class=\"elementor-element elementor-element-94eea4b elementor-widget elementor-widget-text-editor\" data-id=\"94eea4b\" data-element_type=\"widget\" data-e-type=\"widget\" data-widget_type=\"text-editor.default\">\n\t\t\t\t\t\t\t\t\t<p>O sorriso \u00e9 a express\u00e3o mais poderosa da sua identidade. Ele transmite emo\u00e7\u00f5es, abre portas e transforma relacionamentos.<\/p><p>Na Inovati Care, unimos arte e ci\u00eancia para criar sorrisos esteticamente belos, funcionais e naturais. Nosso compromisso \u00e9 harmonizar forma, cor e propor\u00e7\u00e3o, respeitando a individualidade de cada paciente e proporcionando uma experi\u00eancia \u00fanica.<\/p>\t\t\t\t\t\t\t\t<\/div>\n\t\t\t\t<\/div>\n\t\t<div class=\"elementor-element elementor-element-17d4940 e-con-full elementor-hidden-desktop elementor-hidden-laptop e-flex elementor-invisible e-con e-child\" data-id=\"17d4940\" data-element_type=\"container\" data-e-type=\"container\" data-settings=\"{&quot;animation&quot;:&quot;fadeInLeft&quot;,&quot;background_background&quot;:&quot;classic&quot;,&quot;animation_tablet&quot;:&quot;fadeInLeft&quot;}\">\n\t\t\t\t<div class=\"elementor-element elementor-element-5c993da elementor-widget elementor-widget-heading\" data-id=\"5c993da\" data-element_type=\"widget\" data-e-type=\"widget\" data-widget_type=\"heading.default\">\n\t\t\t\t\t<h1 class=\"elementor-heading-title elementor-size-default\">Est\u00e9tica<\/h1>\t\t\t\t<\/div>\n\t\t\t\t<div class=\"elementor-element elementor-element-48653fe elementor-widget elementor-widget-text-editor\" data-id=\"48653fe\" data-element_type=\"widget\" data-e-type=\"widget\" data-widget_type=\"text-editor.default\">\n\t\t\t\t\t\t\t\t\t<p>O sorriso \u00e9 a express\u00e3o mais poderosa da sua identidade. Ele transmite emo\u00e7\u00f5es, abre portas e transforma relacionamentos.<\/p><p>Na Inovati Care, unimos arte e ci\u00eancia para criar sorrisos esteticamente belos, funcionais e naturais. Nosso compromisso \u00e9 harmonizar forma, cor e propor\u00e7\u00e3o, respeitando a individualidade de cada paciente e proporcionando uma experi\u00eancia \u00fanica.<\/p>\t\t\t\t\t\t\t\t<\/div>\n\t\t\t\t<\/div>\n\t\t\t\t\t<\/div>\n\t\t\t\t<\/div>\n\t\t<div class=\"elementor-element elementor-element-3be05af e-con-full elementor-hidden-tablet elementor-hidden-mobile e-flex e-con e-parent\" data-id=\"3be05af\" data-element_type=\"container\" data-e-type=\"container\" data-settings=\"{&quot;background_background&quot;:&quot;classic&quot;}\">\n\t\t<div class=\"elementor-element elementor-element-9464ab6 e-con-full e-flex e-con e-child\" data-id=\"9464ab6\" data-element_type=\"container\" data-e-type=\"container\">\n\t\t\t\t<div class=\"elementor-element elementor-element-d373bfe elementor-invisible elementor-widget elementor-widget-heading\" data-id=\"d373bfe\" data-element_type=\"widget\" data-e-type=\"widget\" data-settings=\"{&quot;_animation&quot;:&quot;fadeInLeft&quot;}\" data-widget_type=\"heading.default\">\n\t\t\t\t\t<h1 class=\"elementor-heading-title elementor-size-default\">Est\u00e9tica<\/h1>\t\t\t\t<\/div>\n\t\t\t\t<div class=\"elementor-element elementor-element-0e94100 elementor-invisible elementor-widget elementor-widget-text-editor\" data-id=\"0e94100\" data-element_type=\"widget\" data-e-type=\"widget\" data-settings=\"{&quot;_animation&quot;:&quot;fadeInLeft&quot;}\" data-widget_type=\"text-editor.default\">\n\t\t\t\t\t\t\t\t\t<p>O sorriso \u00e9 a express\u00e3o mais poderosa da sua identidade. Ele transmite emo\u00e7\u00f5es, abre portas e transforma relacionamentos.<\/p><p>Na Inovati Care, unimos arte e ci\u00eancia para criar sorrisos esteticamente belos, funcionais e naturais. Nosso compromisso \u00e9 harmonizar forma, cor e propor\u00e7\u00e3o, respeitando a individualidade de cada paciente e proporcionando uma experi\u00eancia \u00fanica.<\/p>\t\t\t\t\t\t\t\t<\/div>\n\t\t\t\t<\/div>\n\t\t<div class=\"elementor-element elementor-element-280a92e e-con-full e-flex elementor-invisible e-con e-child\" data-id=\"280a92e\" data-element_type=\"container\" data-e-type=\"container\" data-settings=\"{&quot;background_background&quot;:&quot;classic&quot;,&quot;animation&quot;:&quot;fadeInRight&quot;}\">\n\t\t\t\t<\/div>\n\t\t\t\t<\/div>\n\t\t<div class=\"elementor-element elementor-element-6d020fe e-flex e-con-boxed e-con e-parent\" data-id=\"6d020fe\" data-element_type=\"container\" data-e-type=\"container\" data-settings=\"{&quot;background_background&quot;:&quot;classic&quot;}\">\n\t\t\t\t\t<div class=\"e-con-inner\">\n\t\t<div class=\"elementor-element elementor-element-9551be9 e-con-full e-flex e-con e-child\" data-id=\"9551be9\" data-element_type=\"container\" data-e-type=\"container\">\n\t\t\t\t<div class=\"elementor-element elementor-element-00982d0 elementor-view-default elementor-invisible elementor-widget elementor-widget-icon\" data-id=\"00982d0\" data-element_type=\"widget\" data-e-type=\"widget\" data-settings=\"{&quot;_animation&quot;:&quot;fadeInLeft&quot;}\" data-widget_type=\"icon.default\">\n\t\t\t\t\t\t\t<div class=\"elementor-icon-wrapper\">\n\t\t\t<div class=\"elementor-icon\">\n\t\t\t<svg xmlns=\"http:\/\/www.w3.org\/2000\/svg\" width=\"22\" height=\"22\" viewBox=\"0 0 22 22\" fill=\"none\"><path d=\"M16.5 1C17.7858 1 18.8882 1.63526 19.6982 2.67676C20.5165 3.72897 20.9999 5.15971 21 6.59961C21 7.62288 20.7534 8.88779 20.3652 10.0381C19.9666 11.2193 19.4761 12.1098 19.0928 12.4932C18.8154 12.7707 18.6167 13.1591 18.4707 13.4893C18.3118 13.8486 18.158 14.275 18.0088 14.7227C17.8588 15.1727 17.7056 15.6694 17.5498 16.1709C17.3927 16.6767 17.2316 17.1918 17.0635 17.6963C16.7222 18.7202 16.3705 19.6334 15.9961 20.2773C15.8092 20.5988 15.6456 20.802 15.5166 20.915C15.4464 20.9765 15.4052 20.9941 15.3906 20.999C14.4606 20.9968 14.0267 20.6664 13.751 20.2471C13.4172 19.7395 13.2445 18.9859 13.1465 18.0459C13.0987 17.5872 13.0725 17.1325 13.04 16.667C13.0087 16.2181 12.971 15.7496 12.8984 15.332C12.829 14.9326 12.7091 14.4581 12.4414 14.0664C12.1294 13.6101 11.6364 13.2998 11 13.2998C10.3636 13.2998 9.87056 13.6101 9.55859 14.0664C9.29085 14.4581 9.17099 14.9326 9.10156 15.332C9.029 15.7496 8.9913 16.2181 8.95996 16.667C8.92746 17.1325 8.90134 17.5872 8.85352 18.0459C8.75549 18.9859 8.5828 19.7395 8.24902 20.2471C7.97317 20.6665 7.53908 20.997 6.6084 20.999C6.59309 20.9936 6.55219 20.9753 6.4834 20.915C6.3544 20.802 6.19083 20.5988 6.00391 20.2773C5.62953 19.6334 5.27783 18.7202 4.93652 17.6963C4.76836 17.1918 4.60731 16.6767 4.4502 16.1709C4.2944 15.6694 4.14123 15.1727 3.99121 14.7227C3.84199 14.275 3.68817 13.8486 3.5293 13.4893C3.38329 13.1591 3.18463 12.7707 2.90723 12.4932C2.52387 12.1098 2.03336 11.2193 1.63477 10.0381C1.2466 8.88779 1 7.62288 1 6.59961C1.00009 5.15971 1.48347 3.72897 2.30176 2.67676C3.11181 1.63526 4.21424 1 5.5 1C7.0047 1 7.70368 1.24358 8.29102 1.47852C8.96042 1.74628 9.68069 2.09961 11 2.09961C12.3193 2.09961 13.0396 1.74628 13.709 1.47852C14.2963 1.24358 14.9953 1 16.5 1Z\" stroke=\"#FFF4EC\" stroke-width=\"2\"><\/path><\/svg>\t\t\t<\/div>\n\t\t<\/div>\n\t\t\t\t\t\t<\/div>\n\t\t\t\t<div class=\"elementor-element elementor-element-1eeb59e elementor-invisible elementor-widget elementor-widget-text-editor\" data-id=\"1eeb59e\" data-element_type=\"widget\" data-e-type=\"widget\" data-settings=\"{&quot;_animation&quot;:&quot;fadeInRight&quot;}\" data-widget_type=\"text-editor.default\">\n\t\t\t\t\t\t\t\t\t<p>Nossos tratamentos est\u00e9ticos envolvem desde <strong>clareamentos e lentes de contato dental at\u00e9 procedimentos mais completos de harmoniza\u00e7\u00e3o do sorriso.<\/strong><\/p><p>Trabalhamos sempre com Tecnologia de ponta, planejamento digital e olhar<br \/>personalizado para cada pessoa, que busca n\u00e3o apenas melhorar a est\u00e9tica, mas devolver confian\u00e7a e autoestima. <strong>O resultado \u00e9 um sorriso que encanta, mas que tamb\u00e9m preserva sua naturalidade.<\/strong><\/p>\t\t\t\t\t\t\t\t<\/div>\n\t\t\t\t<\/div>\n\t\t\t\t\t<\/div>\n\t\t\t\t<\/div>\n\t\t<div class=\"elementor-element elementor-element-9308f03 e-flex e-con-boxed e-con e-parent\" data-id=\"9308f03\" data-element_type=\"container\" data-e-type=\"container\" data-settings=\"{&quot;background_background&quot;:&quot;classic&quot;}\">\n\t\t\t\t\t<div class=\"e-con-inner\">\n\t\t<div class=\"elementor-element elementor-element-5d9a0b9 e-con-full e-flex e-con e-child\" data-id=\"5d9a0b9\" data-element_type=\"container\" data-e-type=\"container\">\n\t\t\t\t<div class=\"elementor-element elementor-element-edbb24e elementor-invisible elementor-widget elementor-widget-heading\" data-id=\"edbb24e\" data-element_type=\"widget\" data-e-type=\"widget\" data-settings=\"{&quot;_animation&quot;:&quot;fadeInDown&quot;}\" data-widget_type=\"heading.default\">\n\t\t\t\t\t<h1 class=\"elementor-heading-title elementor-size-default\">Nossos diferenciais <\/h1>\t\t\t\t<\/div>\n\t\t\t\t<\/div>\n\t\t<div class=\"elementor-element elementor-element-e184b95 e-con-full e-flex elementor-invisible e-con e-child\" data-id=\"e184b95\" data-element_type=\"container\" data-e-type=\"container\" data-settings=\"{&quot;background_background&quot;:&quot;classic&quot;,&quot;animation&quot;:&quot;fadeInUp&quot;}\">\n\t\t<div class=\"elementor-element elementor-element-69b11d1 e-con-full e-flex e-con e-child\" data-id=\"69b11d1\" data-element_type=\"container\" data-e-type=\"container\">\n\t\t\t\t<div class=\"elementor-element elementor-element-38c52bd elementor-view-default elementor-widget elementor-widget-icon\" data-id=\"38c52bd\" data-element_type=\"widget\" data-e-type=\"widget\" data-widget_type=\"icon.default\">\n\t\t\t\t\t\t\t<div class=\"elementor-icon-wrapper\">\n\t\t\t<div class=\"elementor-icon\">\n\t\t\t<svg aria-hidden=\"true\" class=\"e-font-icon-svg e-fas-tooth\" viewBox=\"0 0 448 512\" xmlns=\"http:\/\/www.w3.org\/2000\/svg\"><path d=\"M443.98 96.25c-11.01-45.22-47.11-82.06-92.01-93.72-32.19-8.36-63 5.1-89.14 24.33-3.25 2.39-6.96 3.73-10.5 5.48l28.32 18.21c7.42 4.77 9.58 14.67 4.8 22.11-4.46 6.95-14.27 9.86-22.11 4.8L162.83 12.84c-20.7-10.85-43.38-16.4-66.81-10.31-44.9 11.67-81 48.5-92.01 93.72-10.13 41.62-.42 80.81 21.5 110.43 23.36 31.57 32.68 68.66 36.29 107.35 4.4 47.16 10.33 94.16 20.94 140.32l7.8 33.95c3.19 13.87 15.49 23.7 29.67 23.7 13.97 0 26.15-9.55 29.54-23.16l34.47-138.42c4.56-18.32 20.96-31.16 39.76-31.16s35.2 12.85 39.76 31.16l34.47 138.42c3.39 13.61 15.57 23.16 29.54 23.16 14.18 0 26.48-9.83 29.67-23.7l7.8-33.95c10.61-46.15 16.53-93.16 20.94-140.32 3.61-38.7 12.93-75.78 36.29-107.35 21.95-29.61 31.66-68.8 21.53-110.43z\"><\/path><\/svg>\t\t\t<\/div>\n\t\t<\/div>\n\t\t\t\t\t\t<\/div>\n\t\t\t\t<div class=\"elementor-element elementor-element-be81d32 elementor-widget elementor-widget-text-editor\" data-id=\"be81d32\" data-element_type=\"widget\" data-e-type=\"widget\" data-widget_type=\"text-editor.default\">\n\t\t\t\t\t\t\t\t\t<p>Tratamentos completos, desde clareamentos at\u00e9 harmoniza\u00e7\u00e3o do sorriso.<\/p>\t\t\t\t\t\t\t\t<\/div>\n\t\t\t\t<\/div>\n\t\t<div class=\"elementor-element elementor-element-8f273a1 e-con-full e-flex e-con e-child\" data-id=\"8f273a1\" data-element_type=\"container\" data-e-type=\"container\">\n\t\t\t\t<div class=\"elementor-element elementor-element-1c3cea6 elementor-view-default elementor-widget elementor-widget-icon\" data-id=\"1c3cea6\" data-element_type=\"widget\" data-e-type=\"widget\" data-widget_type=\"icon.default\">\n\t\t\t\t\t\t\t<div class=\"elementor-icon-wrapper\">\n\t\t\t<div class=\"elementor-icon\">\n\t\t\t<svg aria-hidden=\"true\" class=\"e-font-icon-svg e-fas-desktop\" viewBox=\"0 0 576 512\" xmlns=\"http:\/\/www.w3.org\/2000\/svg\"><path d=\"M528 0H48C21.5 0 0 21.5 0 48v320c0 26.5 21.5 48 48 48h192l-16 48h-72c-13.3 0-24 10.7-24 24s10.7 24 24 24h272c13.3 0 24-10.7 24-24s-10.7-24-24-24h-72l-16-48h192c26.5 0 48-21.5 48-48V48c0-26.5-21.5-48-48-48zm-16 352H64V64h448v288z\"><\/path><\/svg>\t\t\t<\/div>\n\t\t<\/div>\n\t\t\t\t\t\t<\/div>\n\t\t\t\t<div class=\"elementor-element elementor-element-871aff2 elementor-widget elementor-widget-text-editor\" data-id=\"871aff2\" data-element_type=\"widget\" data-e-type=\"widget\" data-widget_type=\"text-editor.default\">\n\t\t\t\t\t\t\t\t\t<p>Tecnologia de ponta e olhar detalhista.<\/p>\t\t\t\t\t\t\t\t<\/div>\n\t\t\t\t<\/div>\n\t\t<div class=\"elementor-element elementor-element-9398af7 e-con-full e-flex e-con e-child\" data-id=\"9398af7\" data-element_type=\"container\" data-e-type=\"container\">\n\t\t\t\t<div class=\"elementor-element elementor-element-7edaf5f elementor-view-default elementor-widget elementor-widget-icon\" data-id=\"7edaf5f\" data-element_type=\"widget\" data-e-type=\"widget\" data-widget_type=\"icon.default\">\n\t\t\t\t\t\t\t<div class=\"elementor-icon-wrapper\">\n\t\t\t<div class=\"elementor-icon\">\n\t\t\t<svg aria-hidden=\"true\" class=\"e-font-icon-svg e-fas-smile\" viewBox=\"0 0 496 512\" xmlns=\"http:\/\/www.w3.org\/2000\/svg\"><path d=\"M248 8C111 8 0 119 0 256s111 248 248 248 248-111 248-248S385 8 248 8zm80 168c17.7 0 32 14.3 32 32s-14.3 32-32 32-32-14.3-32-32 14.3-32 32-32zm-160 0c17.7 0 32 14.3 32 32s-14.3 32-32 32-32-14.3-32-32 14.3-32 32-32zm194.8 170.2C334.3 380.4 292.5 400 248 400s-86.3-19.6-114.8-53.8c-13.6-16.3 11-36.7 24.6-20.5 22.4 26.9 55.2 42.2 90.2 42.2s67.8-15.4 90.2-42.2c13.4-16.2 38.1 4.2 24.6 20.5z\"><\/path><\/svg>\t\t\t<\/div>\n\t\t<\/div>\n\t\t\t\t\t\t<\/div>\n\t\t\t\t<div class=\"elementor-element elementor-element-2ede378 elementor-widget elementor-widget-text-editor\" data-id=\"2ede378\" data-element_type=\"widget\" data-e-type=\"widget\" data-widget_type=\"text-editor.default\">\n\t\t\t\t\t\t\t\t\t<p>Resultados naturais que encantam.<\/p>\t\t\t\t\t\t\t\t<\/div>\n\t\t\t\t<\/div>\n\t\t\t\t<\/div>\n\t\t\t\t\t<\/div>\n\t\t\t\t<\/div>\n\t\t<div class=\"elementor-element elementor-element-a3d1d18 e-flex e-con-boxed elementor-invisible e-con e-parent\" data-id=\"a3d1d18\" data-element_type=\"container\" data-e-type=\"container\" data-settings=\"{&quot;background_background&quot;:&quot;classic&quot;,&quot;animation&quot;:&quot;fadeInRight&quot;}\">\n\t\t\t\t\t<div class=\"e-con-inner\">\n\t\t<div class=\"elementor-element elementor-element-353e91f e-con-full e-flex elementor-invisible e-con e-child\" data-id=\"353e91f\" data-element_type=\"container\" data-e-type=\"container\" data-settings=\"{&quot;animation&quot;:&quot;fadeInLeft&quot;}\">\n\t\t\t\t<div class=\"elementor-element elementor-element-c93b5d3 elementor-widget elementor-widget-heading\" data-id=\"c93b5d3\" data-element_type=\"widget\" data-e-type=\"widget\" data-widget_type=\"heading.default\">\n\t\t\t\t\t<h1 class=\"elementor-heading-title elementor-size-default\">Realce a beleza natural do seu sorriso.<\/h1>\t\t\t\t<\/div>\n\t\t\t\t<div class=\"elementor-element elementor-element-9594ba1 elementor-widget-tablet__width-initial elementor-widget__width-initial elementor-widget elementor-widget-text-editor\" data-id=\"9594ba1\" data-element_type=\"widget\" data-e-type=\"widget\" data-widget_type=\"text-editor.default\">\n\t\t\t\t\t\t\t\t\t<p>Agende sua avalia\u00e7\u00e3o est\u00e9tica e descubra o tratamento ideal para harmonizar forma, cor e propor\u00e7\u00e3o.<\/p>\t\t\t\t\t\t\t\t<\/div>\n\t\t\t\t<div class=\"elementor-element elementor-element-6bc3e8a elementor-mobile-align-center elementor-align-left elementor-widget elementor-widget-button\" data-id=\"6bc3e8a\" data-element_type=\"widget\" data-e-type=\"widget\" data-widget_type=\"button.default\">\n\t\t\t\t\t\t\t\t\t\t<a class=\"elementor-button elementor-button-link elementor-size-sm elementor-animation-grow\" href=\"https:\/\/inovaticare.com.br\/?page_id=881\">\n\t\t\t\t\t\t<span class=\"elementor-button-content-wrapper\">\n\t\t\t\t\t\t\t\t\t<span class=\"elementor-button-text\">Agende sua consulta agora!<\/span>\n\t\t\t\t\t<\/span>\n\t\t\t\t\t<\/a>\n\t\t\t\t\t\t\t\t<\/div>\n\t\t\t\t<\/div>\n\t\t\t\t\t<\/div>\n\t\t\t\t<\/div>\n\t\t\t\t<\/div>\n\t\t","protected":false},"excerpt":{"rendered":"<p>Est\u00e9tica O sorriso \u00e9 a express\u00e3o mais poderosa da sua identidade. Ele transmite emo\u00e7\u00f5es, abre portas e transforma relacionamentos. Na Inovati Care, unimos arte e ci\u00eancia para criar sorrisos esteticamente belos, funcionais e naturais. Nosso compromisso \u00e9 harmonizar forma, cor e propor\u00e7\u00e3o, respeitando a individualidade de cada paciente e proporcionando uma experi\u00eancia \u00fanica. Est\u00e9tica O [&hellip;]<\/p>\n","protected":false},"author":1,"featured_media":0,"parent":0,"menu_order":0,"comment_status":"closed","ping_status":"closed","template":"elementor_header_footer","meta":{"footnotes":""},"class_list":["post-856","page","type-page","status-publish","hentry"],"_links":{"self":[{"href":"https:\/\/inovaticare.com.br\/index.php?rest_route=\/wp\/v2\/pages\/856","targetHints":{"allow":["GET"]}}],"collection":[{"href":"https:\/\/inovaticare.com.br\/index.php?rest_route=\/wp\/v2\/pages"}],"about":[{"href":"https:\/\/inovaticare.com.br\/index.php?rest_route=\/wp\/v2\/types\/page"}],"author":[{"embeddable":true,"href":"https:\/\/inovaticare.com.br\/index.php?rest_route=\/wp\/v2\/users\/1"}],"replies":[{"embeddable":true,"href":"https:\/\/inovaticare.com.br\/index.php?rest_route=%2Fwp%2Fv2%2Fcomments&post=856"}],"version-history":[{"count":18,"href":"https:\/\/inovaticare.com.br\/index.php?rest_route=\/wp\/v2\/pages\/856\/revisions"}],"predecessor-version":[{"id":5063,"href":"https:\/\/inovaticare.com.br\/index.php?rest_route=\/wp\/v2\/pages\/856\/revisions\/5063"}],"wp:attachment":[{"href":"https:\/\/inovaticare.com.br\/index.php?rest_route=%2Fwp%2Fv2%2Fmedia&parent=856"}],"curies":[{"name":"wp","href":"https:\/\/api.w.org\/{rel}","templated":true}]}}