{"id":854,"date":"2026-03-27T16:06:05","date_gmt":"2026-03-27T19:06:05","guid":{"rendered":"https:\/\/inovaticare.com.br\/?page_id=854"},"modified":"2026-04-10T19:00:56","modified_gmt":"2026-04-10T22:00:56","slug":"ortopedia","status":"publish","type":"page","link":"https:\/\/inovaticare.com.br\/?page_id=854","title":{"rendered":"Ortopedia"},"content":{"rendered":"\t\t<div data-elementor-type=\"wp-page\" data-elementor-id=\"854\" class=\"elementor elementor-854\" data-elementor-post-type=\"page\">\n\t\t\t\t<div class=\"elementor-element elementor-element-6275fd8 elementor-hidden-desktop elementor-hidden-laptop e-flex e-con-boxed elementor-invisible e-con e-parent\" data-id=\"6275fd8\" data-element_type=\"container\" data-e-type=\"container\" data-settings=\"{&quot;background_background&quot;:&quot;classic&quot;,&quot;animation&quot;:&quot;fadeInRight&quot;}\">\n\t\t\t\t\t<div class=\"e-con-inner\">\n\t\t<div class=\"elementor-element elementor-element-3c2527c e-con-full elementor-hidden-tablet elementor-hidden-mobile e-flex elementor-invisible e-con e-child\" data-id=\"3c2527c\" data-element_type=\"container\" data-e-type=\"container\" data-settings=\"{&quot;animation&quot;:&quot;fadeInLeft&quot;}\">\n\t\t\t\t<div class=\"elementor-element elementor-element-98beb48 elementor-widget elementor-widget-heading\" data-id=\"98beb48\" data-element_type=\"widget\" data-e-type=\"widget\" data-widget_type=\"heading.default\">\n\t\t\t\t\t<h1 class=\"elementor-heading-title elementor-size-default\">Ortopedia  funcional dos maxilares<\/h1>\t\t\t\t<\/div>\n\t\t\t\t<div class=\"elementor-element elementor-element-6402f62 elementor-widget elementor-widget-text-editor\" data-id=\"6402f62\" data-element_type=\"widget\" data-e-type=\"widget\" data-widget_type=\"text-editor.default\">\n\t\t\t\t\t\t\t\t\t<p>A inf\u00e2ncia \u00e9 a fase mais favor\u00e1vel para corrigir problemas de crescimento facial e de mordida.<\/p><p>A Ortopedia Funcional dos Maxilares \u00e9 uma especialidade que permite intervir cedo, direcionando o desenvolvimento da face e prevenindo complica\u00e7\u00f5es que podem afetar tanto a sa\u00fade quanto a est\u00e9tica no futuro.<\/p>\t\t\t\t\t\t\t\t<\/div>\n\t\t\t\t<\/div>\n\t\t<div class=\"elementor-element elementor-element-8c714e6 e-con-full elementor-hidden-desktop elementor-hidden-laptop e-flex elementor-invisible e-con e-child\" data-id=\"8c714e6\" data-element_type=\"container\" data-e-type=\"container\" data-settings=\"{&quot;animation&quot;:&quot;fadeInLeft&quot;,&quot;background_background&quot;:&quot;classic&quot;}\">\n\t\t\t\t<div class=\"elementor-element elementor-element-38e0a41 elementor-widget elementor-widget-heading\" data-id=\"38e0a41\" data-element_type=\"widget\" data-e-type=\"widget\" data-widget_type=\"heading.default\">\n\t\t\t\t\t<h1 class=\"elementor-heading-title elementor-size-default\">Ortopedia  funcional dos maxilares<\/h1>\t\t\t\t<\/div>\n\t\t\t\t<div class=\"elementor-element elementor-element-6453775 elementor-widget elementor-widget-text-editor\" data-id=\"6453775\" data-element_type=\"widget\" data-e-type=\"widget\" data-widget_type=\"text-editor.default\">\n\t\t\t\t\t\t\t\t\t<p>A inf\u00e2ncia \u00e9 a fase mais favor\u00e1vel para corrigir problemas de crescimento facial e de mordida.<\/p><p>A Ortopedia Funcional dos Maxilares \u00e9 uma especialidade que permite intervir cedo, direcionando o desenvolvimento da face e prevenindo complica\u00e7\u00f5es que podem afetar tanto a sa\u00fade quanto a est\u00e9tica no futuro.<\/p>\t\t\t\t\t\t\t\t<\/div>\n\t\t\t\t<\/div>\n\t\t\t\t\t<\/div>\n\t\t\t\t<\/div>\n\t\t<div class=\"elementor-element elementor-element-8605e51 e-con-full elementor-hidden-tablet elementor-hidden-mobile e-flex e-con e-parent\" data-id=\"8605e51\" data-element_type=\"container\" data-e-type=\"container\" data-settings=\"{&quot;background_background&quot;:&quot;classic&quot;}\">\n\t\t<div class=\"elementor-element elementor-element-1305dbc e-con-full e-flex e-con e-child\" data-id=\"1305dbc\" data-element_type=\"container\" data-e-type=\"container\">\n\t\t\t\t<div class=\"elementor-element elementor-element-dc4da7c elementor-invisible elementor-widget elementor-widget-heading\" data-id=\"dc4da7c\" data-element_type=\"widget\" data-e-type=\"widget\" data-settings=\"{&quot;_animation&quot;:&quot;fadeInLeft&quot;}\" data-widget_type=\"heading.default\">\n\t\t\t\t\t<h1 class=\"elementor-heading-title elementor-size-default\">Tratamentos\n<\/h1>\t\t\t\t<\/div>\n\t\t\t\t<div class=\"elementor-element elementor-element-f6078b6 elementor-invisible elementor-widget elementor-widget-heading\" data-id=\"f6078b6\" data-element_type=\"widget\" data-e-type=\"widget\" data-settings=\"{&quot;_animation&quot;:&quot;fadeInLeft&quot;}\" data-widget_type=\"heading.default\">\n\t\t\t\t\t<h1 class=\"elementor-heading-title elementor-size-default\">Ortopedia funcional\ndos maxilares<\/h1>\t\t\t\t<\/div>\n\t\t\t\t<div class=\"elementor-element elementor-element-fc51716 elementor-invisible elementor-widget elementor-widget-text-editor\" data-id=\"fc51716\" data-element_type=\"widget\" data-e-type=\"widget\" data-settings=\"{&quot;_animation&quot;:&quot;fadeInLeft&quot;}\" data-widget_type=\"text-editor.default\">\n\t\t\t\t\t\t\t\t\t<p>A inf\u00e2ncia \u00e9 a fase mais favor\u00e1vel para corrigir problemas de crescimento facial e de mordida.<\/p><p>A Ortopedia Funcional dos Maxilares \u00e9 uma especialidade que permite intervir cedo, direcionando o desenvolvimento da face e prevenindo complica\u00e7\u00f5es que podem afetar tanto a sa\u00fade quanto a est\u00e9tica no futuro.<\/p>\t\t\t\t\t\t\t\t<\/div>\n\t\t\t\t<\/div>\n\t\t<div class=\"elementor-element elementor-element-532d6fb e-con-full e-flex elementor-invisible e-con e-child\" data-id=\"532d6fb\" data-element_type=\"container\" data-e-type=\"container\" data-settings=\"{&quot;background_background&quot;:&quot;classic&quot;,&quot;animation&quot;:&quot;fadeInRight&quot;}\">\n\t\t\t\t<\/div>\n\t\t\t\t<\/div>\n\t\t<div class=\"elementor-element elementor-element-cab01a1 e-flex e-con-boxed e-con e-parent\" data-id=\"cab01a1\" data-element_type=\"container\" data-e-type=\"container\" data-settings=\"{&quot;background_background&quot;:&quot;classic&quot;}\">\n\t\t\t\t\t<div class=\"e-con-inner\">\n\t\t<div class=\"elementor-element elementor-element-83e518c e-con-full e-flex e-con e-child\" data-id=\"83e518c\" data-element_type=\"container\" data-e-type=\"container\">\n\t\t\t\t<div class=\"elementor-element elementor-element-c2b2c2b elementor-view-default elementor-invisible elementor-widget elementor-widget-icon\" data-id=\"c2b2c2b\" data-element_type=\"widget\" data-e-type=\"widget\" data-settings=\"{&quot;_animation&quot;:&quot;fadeInLeft&quot;}\" data-widget_type=\"icon.default\">\n\t\t\t\t\t\t\t<div class=\"elementor-icon-wrapper\">\n\t\t\t<div class=\"elementor-icon\">\n\t\t\t<svg xmlns=\"http:\/\/www.w3.org\/2000\/svg\" width=\"24\" height=\"24\" viewBox=\"0 0 24 24\" fill=\"none\"><path d=\"M17.5 3C18.7858 3 19.8882 3.63526 20.6982 4.67676C21.5165 5.72897 21.9999 7.15971 22 8.59961C22 9.62288 21.7534 10.8878 21.3652 12.0381C20.9666 13.2193 20.4761 14.1098 20.0928 14.4932C19.8154 14.7707 19.6167 15.1591 19.4707 15.4893C19.3118 15.8486 19.158 16.275 19.0088 16.7227C18.8588 17.1727 18.7056 17.6694 18.5498 18.1709C18.3927 18.6767 18.2316 19.1918 18.0635 19.6963C17.7222 20.7202 17.3705 21.6334 16.9961 22.2773C16.8092 22.5988 16.6456 22.802 16.5166 22.915C16.4464 22.9765 16.4052 22.9941 16.3906 22.999C15.4606 22.9968 15.0267 22.6664 14.751 22.2471C14.4172 21.7395 14.2445 20.9859 14.1465 20.0459C14.0987 19.5872 14.0725 19.1325 14.04 18.667C14.0087 18.2181 13.971 17.7496 13.8984 17.332C13.829 16.9326 13.7091 16.4581 13.4414 16.0664C13.1294 15.6101 12.6364 15.2998 12 15.2998C11.3636 15.2998 10.8706 15.6101 10.5586 16.0664C10.2909 16.4581 10.171 16.9326 10.1016 17.332C10.029 17.7496 9.9913 18.2181 9.95996 18.667C9.92746 19.1325 9.90134 19.5872 9.85352 20.0459C9.75549 20.9859 9.5828 21.7395 9.24902 22.2471C8.97317 22.6665 8.53908 22.997 7.6084 22.999C7.59309 22.9936 7.55219 22.9753 7.4834 22.915C7.3544 22.802 7.19083 22.5988 7.00391 22.2773C6.62953 21.6334 6.27783 20.7202 5.93652 19.6963C5.76836 19.1918 5.60731 18.6767 5.4502 18.1709C5.2944 17.6694 5.14123 17.1727 4.99121 16.7227C4.84199 16.275 4.68817 15.8486 4.5293 15.4893C4.38329 15.1591 4.18463 14.7707 3.90723 14.4932C3.52387 14.1098 3.03336 13.2193 2.63477 12.0381C2.2466 10.8878 2 9.62288 2 8.59961C2.00009 7.15971 2.48347 5.72897 3.30176 4.67676C4.11181 3.63526 5.21424 3 6.5 3C8.0047 3 8.70368 3.24358 9.29102 3.47852C9.96042 3.74628 10.6807 4.09961 12 4.09961C13.3193 4.09961 14.0396 3.74628 14.709 3.47852C15.2963 3.24358 15.9953 3 17.5 3Z\" stroke=\"#873A49\" stroke-width=\"2\"><\/path><\/svg>\t\t\t<\/div>\n\t\t<\/div>\n\t\t\t\t\t\t<\/div>\n\t\t\t\t<div class=\"elementor-element elementor-element-546b5e2 elementor-invisible elementor-widget elementor-widget-text-editor\" data-id=\"546b5e2\" data-element_type=\"widget\" data-e-type=\"widget\" data-settings=\"{&quot;_animation&quot;:&quot;fadeInRight&quot;}\" data-widget_type=\"text-editor.default\">\n\t\t\t\t\t\t\t\t\t<p>Esse tratamento atua em <strong>altera\u00e7\u00f5es como mordida cruzada, aberta, profunda, al\u00e9m de desvios de classe I, II e III. Tamb\u00e9m \u00e9 eficaz em casos de bruxismo e dores de ATM.<\/strong><\/p><p>Na Inovati Care, realizamos um diagn\u00f3stico completo para entender as necessidades de cada paciente e oferecer um plano de tratamento personalizado, <strong>garantindo equil\u00edbrio funcional, melhor respira\u00e7\u00e3o, mastiga\u00e7\u00e3o adequada e um sorriso harm\u00f4nico.<\/strong><\/p>\t\t\t\t\t\t\t\t<\/div>\n\t\t\t\t<\/div>\n\t\t\t\t\t<\/div>\n\t\t\t\t<\/div>\n\t\t<div class=\"elementor-element elementor-element-cffbc9a e-flex e-con-boxed e-con e-parent\" data-id=\"cffbc9a\" data-element_type=\"container\" data-e-type=\"container\" data-settings=\"{&quot;background_background&quot;:&quot;classic&quot;}\">\n\t\t\t\t\t<div class=\"e-con-inner\">\n\t\t<div class=\"elementor-element elementor-element-5611817 e-con-full e-flex e-con e-child\" data-id=\"5611817\" data-element_type=\"container\" data-e-type=\"container\">\n\t\t\t\t<div class=\"elementor-element elementor-element-c2a0d07 elementor-invisible elementor-widget elementor-widget-heading\" data-id=\"c2a0d07\" data-element_type=\"widget\" data-e-type=\"widget\" data-settings=\"{&quot;_animation&quot;:&quot;fadeInDown&quot;}\" data-widget_type=\"heading.default\">\n\t\t\t\t\t<h1 class=\"elementor-heading-title elementor-size-default\">Nossos diferenciais <\/h1>\t\t\t\t<\/div>\n\t\t\t\t<\/div>\n\t\t<div class=\"elementor-element elementor-element-b4a278b e-con-full e-flex elementor-invisible e-con e-child\" data-id=\"b4a278b\" data-element_type=\"container\" data-e-type=\"container\" data-settings=\"{&quot;background_background&quot;:&quot;classic&quot;,&quot;animation&quot;:&quot;fadeInUp&quot;}\">\n\t\t<div class=\"elementor-element elementor-element-d8ae0c2 e-con-full e-flex e-con e-child\" data-id=\"d8ae0c2\" data-element_type=\"container\" data-e-type=\"container\">\n\t\t\t\t<div class=\"elementor-element elementor-element-dce5ec5 elementor-view-default elementor-widget elementor-widget-icon\" data-id=\"dce5ec5\" data-element_type=\"widget\" data-e-type=\"widget\" data-widget_type=\"icon.default\">\n\t\t\t\t\t\t\t<div class=\"elementor-icon-wrapper\">\n\t\t\t<div class=\"elementor-icon\">\n\t\t\t<svg aria-hidden=\"true\" class=\"e-font-icon-svg e-fas-tooth\" viewBox=\"0 0 448 512\" xmlns=\"http:\/\/www.w3.org\/2000\/svg\"><path d=\"M443.98 96.25c-11.01-45.22-47.11-82.06-92.01-93.72-32.19-8.36-63 5.1-89.14 24.33-3.25 2.39-6.96 3.73-10.5 5.48l28.32 18.21c7.42 4.77 9.58 14.67 4.8 22.11-4.46 6.95-14.27 9.86-22.11 4.8L162.83 12.84c-20.7-10.85-43.38-16.4-66.81-10.31-44.9 11.67-81 48.5-92.01 93.72-10.13 41.62-.42 80.81 21.5 110.43 23.36 31.57 32.68 68.66 36.29 107.35 4.4 47.16 10.33 94.16 20.94 140.32l7.8 33.95c3.19 13.87 15.49 23.7 29.67 23.7 13.97 0 26.15-9.55 29.54-23.16l34.47-138.42c4.56-18.32 20.96-31.16 39.76-31.16s35.2 12.85 39.76 31.16l34.47 138.42c3.39 13.61 15.57 23.16 29.54 23.16 14.18 0 26.48-9.83 29.67-23.7l7.8-33.95c10.61-46.15 16.53-93.16 20.94-140.32 3.61-38.7 12.93-75.78 36.29-107.35 21.95-29.61 31.66-68.8 21.53-110.43z\"><\/path><\/svg>\t\t\t<\/div>\n\t\t<\/div>\n\t\t\t\t\t\t<\/div>\n\t\t\t\t<div class=\"elementor-element elementor-element-ee5ff2d elementor-widget elementor-widget-text-editor\" data-id=\"ee5ff2d\" data-element_type=\"widget\" data-e-type=\"widget\" data-widget_type=\"text-editor.default\">\n\t\t\t\t\t\t\t\t\t<p>Tratamento eficaz para v\u00e1rios tipos de altera\u00e7\u00f5es na mordida e desvios de crescimento.<\/p>\t\t\t\t\t\t\t\t<\/div>\n\t\t\t\t<\/div>\n\t\t<div class=\"elementor-element elementor-element-ffb4bea e-con-full e-flex e-con e-child\" data-id=\"ffb4bea\" data-element_type=\"container\" data-e-type=\"container\">\n\t\t\t\t<div class=\"elementor-element elementor-element-a6dcb94 elementor-view-default elementor-widget elementor-widget-icon\" data-id=\"a6dcb94\" data-element_type=\"widget\" data-e-type=\"widget\" data-widget_type=\"icon.default\">\n\t\t\t\t\t\t\t<div class=\"elementor-icon-wrapper\">\n\t\t\t<div class=\"elementor-icon\">\n\t\t\t<svg aria-hidden=\"true\" class=\"e-font-icon-svg e-fas-address-book\" viewBox=\"0 0 448 512\" xmlns=\"http:\/\/www.w3.org\/2000\/svg\"><path d=\"M436 160c6.6 0 12-5.4 12-12v-40c0-6.6-5.4-12-12-12h-20V48c0-26.5-21.5-48-48-48H48C21.5 0 0 21.5 0 48v416c0 26.5 21.5 48 48 48h320c26.5 0 48-21.5 48-48v-48h20c6.6 0 12-5.4 12-12v-40c0-6.6-5.4-12-12-12h-20v-64h20c6.6 0 12-5.4 12-12v-40c0-6.6-5.4-12-12-12h-20v-64h20zm-228-32c35.3 0 64 28.7 64 64s-28.7 64-64 64-64-28.7-64-64 28.7-64 64-64zm112 236.8c0 10.6-10 19.2-22.4 19.2H118.4C106 384 96 375.4 96 364.8v-19.2c0-31.8 30.1-57.6 67.2-57.6h5c12.3 5.1 25.7 8 39.8 8s27.6-2.9 39.8-8h5c37.1 0 67.2 25.8 67.2 57.6v19.2z\"><\/path><\/svg>\t\t\t<\/div>\n\t\t<\/div>\n\t\t\t\t\t\t<\/div>\n\t\t\t\t<div class=\"elementor-element elementor-element-d4d5457 elementor-widget elementor-widget-text-editor\" data-id=\"d4d5457\" data-element_type=\"widget\" data-e-type=\"widget\" data-widget_type=\"text-editor.default\">\n\t\t\t\t\t\t\t\t\t<p>Diagn\u00f3stico completo e plano personalizado.<\/p>\t\t\t\t\t\t\t\t<\/div>\n\t\t\t\t<\/div>\n\t\t<div class=\"elementor-element elementor-element-4ea9fdc e-con-full e-flex e-con e-child\" data-id=\"4ea9fdc\" data-element_type=\"container\" data-e-type=\"container\">\n\t\t\t\t<div class=\"elementor-element elementor-element-bd6f8bc elementor-view-default elementor-widget elementor-widget-icon\" data-id=\"bd6f8bc\" data-element_type=\"widget\" data-e-type=\"widget\" data-widget_type=\"icon.default\">\n\t\t\t\t\t\t\t<div class=\"elementor-icon-wrapper\">\n\t\t\t<div class=\"elementor-icon\">\n\t\t\t<svg aria-hidden=\"true\" class=\"e-font-icon-svg e-fas-smile-beam\" viewBox=\"0 0 496 512\" xmlns=\"http:\/\/www.w3.org\/2000\/svg\"><path d=\"M248 8C111 8 0 119 0 256s111 248 248 248 248-111 248-248S385 8 248 8zM112 223.4c3.3-42.1 32.2-71.4 56-71.4s52.7 29.3 56 71.4c.7 8.6-10.8 11.9-14.9 4.5l-9.5-17c-7.7-13.7-19.2-21.6-31.5-21.6s-23.8 7.9-31.5 21.6l-9.5 17c-4.3 7.4-15.8 4-15.1-4.5zm250.8 122.8C334.3 380.4 292.5 400 248 400s-86.3-19.6-114.8-53.8c-13.5-16.3 11-36.7 24.6-20.5 22.4 26.9 55.2 42.2 90.2 42.2s67.8-15.4 90.2-42.2c13.6-16.2 38.1 4.3 24.6 20.5zm6.2-118.3l-9.5-17c-7.7-13.7-19.2-21.6-31.5-21.6s-23.8 7.9-31.5 21.6l-9.5 17c-4.1 7.3-15.6 4-14.9-4.5 3.3-42.1 32.2-71.4 56-71.4s52.7 29.3 56 71.4c.6 8.6-11 11.9-15.1 4.5z\"><\/path><\/svg>\t\t\t<\/div>\n\t\t<\/div>\n\t\t\t\t\t\t<\/div>\n\t\t\t\t<div class=\"elementor-element elementor-element-0823cfa elementor-widget elementor-widget-text-editor\" data-id=\"0823cfa\" data-element_type=\"widget\" data-e-type=\"widget\" data-widget_type=\"text-editor.default\">\n\t\t\t\t\t\t\t\t\t<p>Resultados que promovem equil\u00edbrio funcional e est\u00e9tica.<\/p>\t\t\t\t\t\t\t\t<\/div>\n\t\t\t\t<\/div>\n\t\t\t\t<\/div>\n\t\t\t\t\t<\/div>\n\t\t\t\t<\/div>\n\t\t<div class=\"elementor-element elementor-element-efa588a e-flex e-con-boxed elementor-invisible e-con e-parent\" data-id=\"efa588a\" data-element_type=\"container\" data-e-type=\"container\" data-settings=\"{&quot;background_background&quot;:&quot;classic&quot;,&quot;animation&quot;:&quot;fadeInRight&quot;}\">\n\t\t\t\t\t<div class=\"e-con-inner\">\n\t\t<div class=\"elementor-element elementor-element-ddb3d6f e-con-full e-flex elementor-invisible e-con e-child\" data-id=\"ddb3d6f\" data-element_type=\"container\" data-e-type=\"container\" data-settings=\"{&quot;animation&quot;:&quot;fadeInLeft&quot;}\">\n\t\t\t\t<div class=\"elementor-element elementor-element-1e39df5 elementor-widget elementor-widget-heading\" data-id=\"1e39df5\" data-element_type=\"widget\" data-e-type=\"widget\" data-widget_type=\"heading.default\">\n\t\t\t\t\t<h1 class=\"elementor-heading-title elementor-size-default\">Corrija altera\u00e7\u00f5es de mordida precocemente.<\/h1>\t\t\t\t<\/div>\n\t\t\t\t<div class=\"elementor-element elementor-element-c0d3377 elementor-widget-tablet__width-initial elementor-widget__width-initial elementor-widget elementor-widget-text-editor\" data-id=\"c0d3377\" data-element_type=\"widget\" data-e-type=\"widget\" data-widget_type=\"text-editor.default\">\n\t\t\t\t\t\t\t\t\t<p>Agende sua avalia\u00e7\u00e3o ortop\u00e9dica e entenda como direcionar o crescimento facial de forma equilibrada.<\/p>\t\t\t\t\t\t\t\t<\/div>\n\t\t\t\t<div class=\"elementor-element elementor-element-7621867 elementor-mobile-align-center elementor-align-left elementor-widget elementor-widget-button\" data-id=\"7621867\" data-element_type=\"widget\" data-e-type=\"widget\" data-widget_type=\"button.default\">\n\t\t\t\t\t\t\t\t\t\t<a class=\"elementor-button elementor-button-link elementor-size-sm elementor-animation-grow\" href=\"https:\/\/inovaticare.com.br\/?page_id=881\">\n\t\t\t\t\t\t<span class=\"elementor-button-content-wrapper\">\n\t\t\t\t\t\t\t\t\t<span class=\"elementor-button-text\">Agende sua consulta agora!<\/span>\n\t\t\t\t\t<\/span>\n\t\t\t\t\t<\/a>\n\t\t\t\t\t\t\t\t<\/div>\n\t\t\t\t<\/div>\n\t\t\t\t\t<\/div>\n\t\t\t\t<\/div>\n\t\t\t\t<\/div>\n\t\t","protected":false},"excerpt":{"rendered":"<p>Ortopedia funcional dos maxilares A inf\u00e2ncia \u00e9 a fase mais favor\u00e1vel para corrigir problemas de crescimento facial e de mordida. A Ortopedia Funcional dos Maxilares \u00e9 uma especialidade que permite intervir cedo, direcionando o desenvolvimento da face e prevenindo complica\u00e7\u00f5es que podem afetar tanto a sa\u00fade quanto a est\u00e9tica no futuro. Ortopedia funcional dos maxilares [&hellip;]<\/p>\n","protected":false},"author":1,"featured_media":0,"parent":0,"menu_order":0,"comment_status":"closed","ping_status":"closed","template":"elementor_header_footer","meta":{"footnotes":""},"class_list":["post-854","page","type-page","status-publish","hentry"],"_links":{"self":[{"href":"https:\/\/inovaticare.com.br\/index.php?rest_route=\/wp\/v2\/pages\/854","targetHints":{"allow":["GET"]}}],"collection":[{"href":"https:\/\/inovaticare.com.br\/index.php?rest_route=\/wp\/v2\/pages"}],"about":[{"href":"https:\/\/inovaticare.com.br\/index.php?rest_route=\/wp\/v2\/types\/page"}],"author":[{"embeddable":true,"href":"https:\/\/inovaticare.com.br\/index.php?rest_route=\/wp\/v2\/users\/1"}],"replies":[{"embeddable":true,"href":"https:\/\/inovaticare.com.br\/index.php?rest_route=%2Fwp%2Fv2%2Fcomments&post=854"}],"version-history":[{"count":27,"href":"https:\/\/inovaticare.com.br\/index.php?rest_route=\/wp\/v2\/pages\/854\/revisions"}],"predecessor-version":[{"id":5104,"href":"https:\/\/inovaticare.com.br\/index.php?rest_route=\/wp\/v2\/pages\/854\/revisions\/5104"}],"wp:attachment":[{"href":"https:\/\/inovaticare.com.br\/index.php?rest_route=%2Fwp%2Fv2%2Fmedia&parent=854"}],"curies":[{"name":"wp","href":"https:\/\/api.w.org\/{rel}","templated":true}]}}