{"id":852,"date":"2026-03-27T16:05:40","date_gmt":"2026-03-27T19:05:40","guid":{"rendered":"https:\/\/inovaticare.com.br\/?page_id=852"},"modified":"2026-04-11T15:38:56","modified_gmt":"2026-04-11T18:38:56","slug":"bebes-e-criancas","status":"publish","type":"page","link":"https:\/\/inovaticare.com.br\/?page_id=852","title":{"rendered":"Beb\u00eas e Crian\u00e7as"},"content":{"rendered":"\t\t<div data-elementor-type=\"wp-page\" data-elementor-id=\"852\" class=\"elementor elementor-852\" data-elementor-post-type=\"page\">\n\t\t\t\t<div class=\"elementor-element elementor-element-ab0de67 e-con-full elementor-hidden-tablet elementor-hidden-mobile e-flex e-con e-parent\" data-id=\"ab0de67\" data-element_type=\"container\" data-e-type=\"container\" data-settings=\"{&quot;background_background&quot;:&quot;classic&quot;}\">\n\t\t<div class=\"elementor-element elementor-element-a048c18 e-con-full e-flex e-con e-child\" data-id=\"a048c18\" data-element_type=\"container\" data-e-type=\"container\">\n\t\t\t\t<div class=\"elementor-element elementor-element-6879784 elementor-widget elementor-widget-heading\" data-id=\"6879784\" data-element_type=\"widget\" data-e-type=\"widget\" data-widget_type=\"heading.default\">\n\t\t\t\t\t<h1 class=\"elementor-heading-title elementor-size-default\">Tratamentos\n<\/h1>\t\t\t\t<\/div>\n\t\t\t\t<div class=\"elementor-element elementor-element-8112979 elementor-invisible elementor-widget elementor-widget-heading\" data-id=\"8112979\" data-element_type=\"widget\" data-e-type=\"widget\" data-settings=\"{&quot;_animation&quot;:&quot;fadeInLeft&quot;}\" data-widget_type=\"heading.default\">\n\t\t\t\t\t<h1 class=\"elementor-heading-title elementor-size-default\">Beb\u00eas e crian\u00e7as<\/h1>\t\t\t\t<\/div>\n\t\t\t\t<div class=\"elementor-element elementor-element-11d6fd1 elementor-invisible elementor-widget elementor-widget-text-editor\" data-id=\"11d6fd1\" data-element_type=\"widget\" data-e-type=\"widget\" data-settings=\"{&quot;_animation&quot;:&quot;fadeInLeft&quot;}\" data-widget_type=\"text-editor.default\">\n\t\t\t\t\t\t\t\t\t<p>O cuidado com o sorriso deve come\u00e7ar ainda nos primeiros meses de vida. A odontologia preventiva infantil \u00e9 essencial para garantir o desenvolvimento saud\u00e1vel da boca, da face e da mastiga\u00e7\u00e3o.<\/p><p>Na Inovati Care, acompanhamos de perto o crescimento dos pequenos, oferecendo uma abordagem acolhedora e l\u00fadica que conquista a confian\u00e7a da crian\u00e7a e tranquiliza os pais.<\/p>\t\t\t\t\t\t\t\t<\/div>\n\t\t\t\t<\/div>\n\t\t<div class=\"elementor-element elementor-element-35910fc e-con-full e-flex elementor-invisible e-con e-child\" data-id=\"35910fc\" data-element_type=\"container\" data-e-type=\"container\" data-settings=\"{&quot;background_background&quot;:&quot;classic&quot;,&quot;animation&quot;:&quot;fadeInRight&quot;}\">\n\t\t\t\t<\/div>\n\t\t\t\t<\/div>\n\t\t<div class=\"elementor-element elementor-element-8a446c4 elementor-hidden-desktop elementor-hidden-laptop e-flex e-con-boxed elementor-invisible e-con e-parent\" data-id=\"8a446c4\" data-element_type=\"container\" data-e-type=\"container\" data-settings=\"{&quot;background_background&quot;:&quot;classic&quot;,&quot;animation&quot;:&quot;fadeInRight&quot;}\">\n\t\t\t\t\t<div class=\"e-con-inner\">\n\t\t<div class=\"elementor-element elementor-element-4a004b5 e-con-full elementor-hidden-tablet elementor-hidden-mobile e-flex elementor-invisible e-con e-child\" data-id=\"4a004b5\" data-element_type=\"container\" data-e-type=\"container\" data-settings=\"{&quot;animation&quot;:&quot;fadeInLeft&quot;}\">\n\t\t\t\t<div class=\"elementor-element elementor-element-276bdfb elementor-widget elementor-widget-heading\" data-id=\"276bdfb\" data-element_type=\"widget\" data-e-type=\"widget\" data-widget_type=\"heading.default\">\n\t\t\t\t\t<h1 class=\"elementor-heading-title elementor-size-default\">Beb\u00eas e crian\u00e7as<\/h1>\t\t\t\t<\/div>\n\t\t\t\t<div class=\"elementor-element elementor-element-1165fd9 elementor-widget elementor-widget-text-editor\" data-id=\"1165fd9\" data-element_type=\"widget\" data-e-type=\"widget\" data-widget_type=\"text-editor.default\">\n\t\t\t\t\t\t\t\t\t<p>O cuidado com o sorriso deve come\u00e7ar ainda nos primeiros meses de vida. A odontologia preventiva infantil \u00e9 essencial para garantir o desenvolvimento saud\u00e1vel da boca, da face e da mastiga\u00e7\u00e3o.<\/p><p>Na Inovati Care, acompanhamos de perto o crescimento dos pequenos, oferecendo uma abordagem acolhedora e l\u00fadica que conquista a confian\u00e7a da crian\u00e7a e tranquiliza os pais.<\/p>\t\t\t\t\t\t\t\t<\/div>\n\t\t\t\t<\/div>\n\t\t<div class=\"elementor-element elementor-element-0adb788 e-con-full elementor-hidden-desktop elementor-hidden-laptop e-flex elementor-invisible e-con e-child\" data-id=\"0adb788\" data-element_type=\"container\" data-e-type=\"container\" data-settings=\"{&quot;animation&quot;:&quot;fadeInLeft&quot;,&quot;background_background&quot;:&quot;classic&quot;,&quot;animation_tablet&quot;:&quot;fadeInLeft&quot;}\">\n\t\t\t\t<div class=\"elementor-element elementor-element-23122ca elementor-widget elementor-widget-heading\" data-id=\"23122ca\" data-element_type=\"widget\" data-e-type=\"widget\" data-widget_type=\"heading.default\">\n\t\t\t\t\t<h1 class=\"elementor-heading-title elementor-size-default\">Beb\u00eas e crian\u00e7as<\/h1>\t\t\t\t<\/div>\n\t\t\t\t<div class=\"elementor-element elementor-element-da59ac2 elementor-widget elementor-widget-text-editor\" data-id=\"da59ac2\" data-element_type=\"widget\" data-e-type=\"widget\" data-widget_type=\"text-editor.default\">\n\t\t\t\t\t\t\t\t\t<p>O cuidado com o sorriso deve come\u00e7ar ainda nos primeiros meses de vida. A odontologia preventiva infantil \u00e9 essencial para garantir o desenvolvimento saud\u00e1vel da boca, da face e da mastiga\u00e7\u00e3o.<br \/>Na Inovati Care, acompanhamos de perto o crescimento dos pequenos, oferecendo uma abordagem acolhedora e l\u00fadica que conquista a confian\u00e7a da crian\u00e7a e tranquiliza os pais.<\/p>\t\t\t\t\t\t\t\t<\/div>\n\t\t\t\t<\/div>\n\t\t\t\t\t<\/div>\n\t\t\t\t<\/div>\n\t\t<div class=\"elementor-element elementor-element-07d1134 e-flex e-con-boxed e-con e-parent\" data-id=\"07d1134\" data-element_type=\"container\" data-e-type=\"container\" data-settings=\"{&quot;background_background&quot;:&quot;classic&quot;}\">\n\t\t\t\t\t<div class=\"e-con-inner\">\n\t\t<div class=\"elementor-element elementor-element-e5c0ce6 e-con-full e-flex e-con e-child\" data-id=\"e5c0ce6\" data-element_type=\"container\" data-e-type=\"container\">\n\t\t\t\t<div class=\"elementor-element elementor-element-826cf96 elementor-view-default elementor-invisible elementor-widget elementor-widget-icon\" data-id=\"826cf96\" data-element_type=\"widget\" data-e-type=\"widget\" data-settings=\"{&quot;_animation&quot;:&quot;fadeInLeft&quot;}\" data-widget_type=\"icon.default\">\n\t\t\t\t\t\t\t<div class=\"elementor-icon-wrapper\">\n\t\t\t<div class=\"elementor-icon\">\n\t\t\t<svg xmlns=\"http:\/\/www.w3.org\/2000\/svg\" width=\"22\" height=\"22\" viewBox=\"0 0 22 22\" fill=\"none\"><path d=\"M16.5 1C17.7858 1 18.8882 1.63526 19.6982 2.67676C20.5165 3.72897 20.9999 5.15971 21 6.59961C21 7.62288 20.7534 8.88779 20.3652 10.0381C19.9666 11.2193 19.4761 12.1098 19.0928 12.4932C18.8154 12.7707 18.6167 13.1591 18.4707 13.4893C18.3118 13.8486 18.158 14.275 18.0088 14.7227C17.8588 15.1727 17.7056 15.6694 17.5498 16.1709C17.3927 16.6767 17.2316 17.1918 17.0635 17.6963C16.7222 18.7202 16.3705 19.6334 15.9961 20.2773C15.8092 20.5988 15.6456 20.802 15.5166 20.915C15.4464 20.9765 15.4052 20.9941 15.3906 20.999C14.4606 20.9968 14.0267 20.6664 13.751 20.2471C13.4172 19.7395 13.2445 18.9859 13.1465 18.0459C13.0987 17.5872 13.0725 17.1325 13.04 16.667C13.0087 16.2181 12.971 15.7496 12.8984 15.332C12.829 14.9326 12.7091 14.4581 12.4414 14.0664C12.1294 13.6101 11.6364 13.2998 11 13.2998C10.3636 13.2998 9.87056 13.6101 9.55859 14.0664C9.29085 14.4581 9.17099 14.9326 9.10156 15.332C9.029 15.7496 8.9913 16.2181 8.95996 16.667C8.92746 17.1325 8.90134 17.5872 8.85352 18.0459C8.75549 18.9859 8.5828 19.7395 8.24902 20.2471C7.97317 20.6665 7.53908 20.997 6.6084 20.999C6.59309 20.9936 6.55219 20.9753 6.4834 20.915C6.3544 20.802 6.19083 20.5988 6.00391 20.2773C5.62953 19.6334 5.27783 18.7202 4.93652 17.6963C4.76836 17.1918 4.60731 16.6767 4.4502 16.1709C4.2944 15.6694 4.14123 15.1727 3.99121 14.7227C3.84199 14.275 3.68817 13.8486 3.5293 13.4893C3.38329 13.1591 3.18463 12.7707 2.90723 12.4932C2.52387 12.1098 2.03336 11.2193 1.63477 10.0381C1.2466 8.88779 1 7.62288 1 6.59961C1.00009 5.15971 1.48347 3.72897 2.30176 2.67676C3.11181 1.63526 4.21424 1 5.5 1C7.0047 1 7.70368 1.24358 8.29102 1.47852C8.96042 1.74628 9.68069 2.09961 11 2.09961C12.3193 2.09961 13.0396 1.74628 13.709 1.47852C14.2963 1.24358 14.9953 1 16.5 1Z\" stroke=\"#FFF4EC\" stroke-width=\"2\"><\/path><\/svg>\t\t\t<\/div>\n\t\t<\/div>\n\t\t\t\t\t\t<\/div>\n\t\t\t\t<div class=\"elementor-element elementor-element-6605b20 elementor-invisible elementor-widget elementor-widget-text-editor\" data-id=\"6605b20\" data-element_type=\"widget\" data-e-type=\"widget\" data-settings=\"{&quot;_animation&quot;:&quot;fadeInRight&quot;}\" data-widget_type=\"text-editor.default\">\n\t\t\t\t\t\t\t\t\t<p>Realizamos<strong> avalia\u00e7\u00f5es orais desde a fase de beb\u00ea,<\/strong> orientando sobre amamenta\u00e7\u00e3o, uso da chupeta, respira\u00e7\u00e3o correta e outros h\u00e1bitos que podem influenciar o desenvolvimento futuro.<\/p><p>Tamb\u00e9m oferecemos <strong>tratamentos com laserterapia,<\/strong> auxiliando em casos de dor, traumas, aftas e at\u00e9 no al\u00edvio do desconforto durante o nascimento dos dentinhos.<br \/>Al\u00e9m disso, <strong>diagnosticamos e tratamos precocemente altera\u00e7\u00f5es na mordida, nos dentes e na oclus\u00e3o,<\/strong> prevenindo problemas que poderiam se agravar na adolesc\u00eancia e na vida adulta.<\/p><p>Nosso compromisso \u00e9 garantir que cada crian\u00e7a cres\u00e7a com sa\u00fade, autoestima e um sorriso cheio de vida.<\/p>\t\t\t\t\t\t\t\t<\/div>\n\t\t\t\t<\/div>\n\t\t\t\t\t<\/div>\n\t\t\t\t<\/div>\n\t\t<div class=\"elementor-element elementor-element-3ebc0ba e-flex e-con-boxed e-con e-parent\" data-id=\"3ebc0ba\" data-element_type=\"container\" data-e-type=\"container\" data-settings=\"{&quot;background_background&quot;:&quot;classic&quot;}\">\n\t\t\t\t\t<div class=\"e-con-inner\">\n\t\t<div class=\"elementor-element elementor-element-094bc32 e-con-full e-flex e-con e-child\" data-id=\"094bc32\" data-element_type=\"container\" data-e-type=\"container\">\n\t\t\t\t<div class=\"elementor-element elementor-element-f80783b elementor-invisible elementor-widget elementor-widget-heading\" data-id=\"f80783b\" data-element_type=\"widget\" data-e-type=\"widget\" data-settings=\"{&quot;_animation&quot;:&quot;fadeInDown&quot;}\" data-widget_type=\"heading.default\">\n\t\t\t\t\t<h1 class=\"elementor-heading-title elementor-size-default\">Nossos diferenciais <\/h1>\t\t\t\t<\/div>\n\t\t\t\t<\/div>\n\t\t<div class=\"elementor-element elementor-element-80895b4 e-con-full e-flex elementor-invisible e-con e-child\" data-id=\"80895b4\" data-element_type=\"container\" data-e-type=\"container\" data-settings=\"{&quot;background_background&quot;:&quot;classic&quot;,&quot;animation&quot;:&quot;fadeInUp&quot;}\">\n\t\t<div class=\"elementor-element elementor-element-ad58f76 e-con-full e-flex e-con e-child\" data-id=\"ad58f76\" data-element_type=\"container\" data-e-type=\"container\">\n\t\t\t\t<div class=\"elementor-element elementor-element-51a6828 elementor-view-default elementor-widget elementor-widget-icon\" data-id=\"51a6828\" data-element_type=\"widget\" data-e-type=\"widget\" data-widget_type=\"icon.default\">\n\t\t\t\t\t\t\t<div class=\"elementor-icon-wrapper\">\n\t\t\t<div class=\"elementor-icon\">\n\t\t\t<svg aria-hidden=\"true\" class=\"e-font-icon-svg e-fas-baby\" viewBox=\"0 0 384 512\" xmlns=\"http:\/\/www.w3.org\/2000\/svg\"><path d=\"M192 160c44.2 0 80-35.8 80-80S236.2 0 192 0s-80 35.8-80 80 35.8 80 80 80zm-53.4 248.8l25.6-32-61.5-51.2L56.8 383c-11.4 14.2-11.7 34.4-.8 49l48 64c7.9 10.5 19.9 16 32 16 8.3 0 16.8-2.6 24-8 17.7-13.2 21.2-38.3 8-56l-29.4-39.2zm142.7-83.2l-61.5 51.2 25.6 32L216 448c-13.2 17.7-9.7 42.8 8 56 7.2 5.4 15.6 8 24 8 12.2 0 24.2-5.5 32-16l48-64c10.9-14.6 10.6-34.8-.8-49l-45.9-57.4zM376.7 145c-12.7-18.1-37.6-22.4-55.7-9.8l-40.6 28.5c-52.7 37-124.2 37-176.8 0L63 135.3C44.9 122.6 20 127 7.3 145-5.4 163.1-1 188 17 200.7l40.6 28.5c17 11.9 35.4 20.9 54.4 27.9V288h160v-30.8c19-7 37.4-16 54.4-27.9l40.6-28.5c18.1-12.8 22.4-37.7 9.7-55.8z\"><\/path><\/svg>\t\t\t<\/div>\n\t\t<\/div>\n\t\t\t\t\t\t<\/div>\n\t\t\t\t<div class=\"elementor-element elementor-element-8a9f2e5 elementor-widget elementor-widget-text-editor\" data-id=\"8a9f2e5\" data-element_type=\"widget\" data-e-type=\"widget\" data-widget_type=\"text-editor.default\">\n\t\t\t\t\t\t\t\t\t<p>Acompanhamento desde os primeiros meses de vida.<\/p>\t\t\t\t\t\t\t\t<\/div>\n\t\t\t\t<\/div>\n\t\t<div class=\"elementor-element elementor-element-fa7f702 e-con-full e-flex e-con e-child\" data-id=\"fa7f702\" data-element_type=\"container\" data-e-type=\"container\">\n\t\t\t\t<div class=\"elementor-element elementor-element-4a6d8c4 elementor-view-default elementor-widget elementor-widget-icon\" data-id=\"4a6d8c4\" data-element_type=\"widget\" data-e-type=\"widget\" data-widget_type=\"icon.default\">\n\t\t\t\t\t\t\t<div class=\"elementor-icon-wrapper\">\n\t\t\t<div class=\"elementor-icon\">\n\t\t\t<svg aria-hidden=\"true\" class=\"e-font-icon-svg e-fas-edit\" viewBox=\"0 0 576 512\" xmlns=\"http:\/\/www.w3.org\/2000\/svg\"><path d=\"M402.6 83.2l90.2 90.2c3.8 3.8 3.8 10 0 13.8L274.4 405.6l-92.8 10.3c-12.4 1.4-22.9-9.1-21.5-21.5l10.3-92.8L388.8 83.2c3.8-3.8 10-3.8 13.8 0zm162-22.9l-48.8-48.8c-15.2-15.2-39.9-15.2-55.2 0l-35.4 35.4c-3.8 3.8-3.8 10 0 13.8l90.2 90.2c3.8 3.8 10 3.8 13.8 0l35.4-35.4c15.2-15.3 15.2-40 0-55.2zM384 346.2V448H64V128h229.8c3.2 0 6.2-1.3 8.5-3.5l40-40c7.6-7.6 2.2-20.5-8.5-20.5H48C21.5 64 0 85.5 0 112v352c0 26.5 21.5 48 48 48h352c26.5 0 48-21.5 48-48V306.2c0-10.7-12.9-16-20.5-8.5l-40 40c-2.2 2.3-3.5 5.3-3.5 8.5z\"><\/path><\/svg>\t\t\t<\/div>\n\t\t<\/div>\n\t\t\t\t\t\t<\/div>\n\t\t\t\t<div class=\"elementor-element elementor-element-be8bb8d elementor-widget elementor-widget-text-editor\" data-id=\"be8bb8d\" data-element_type=\"widget\" data-e-type=\"widget\" data-widget_type=\"text-editor.default\">\n\t\t\t\t\t\t\t\t\t<p>Orienta\u00e7\u00f5es essenciais para h\u00e1bitos saud\u00e1veis.<\/p>\t\t\t\t\t\t\t\t<\/div>\n\t\t\t\t<\/div>\n\t\t<div class=\"elementor-element elementor-element-162ed41 e-con-full e-flex e-con e-child\" data-id=\"162ed41\" data-element_type=\"container\" data-e-type=\"container\">\n\t\t\t\t<div class=\"elementor-element elementor-element-0a40f5e elementor-view-default elementor-widget elementor-widget-icon\" data-id=\"0a40f5e\" data-element_type=\"widget\" data-e-type=\"widget\" data-widget_type=\"icon.default\">\n\t\t\t\t\t\t\t<div class=\"elementor-icon-wrapper\">\n\t\t\t<div class=\"elementor-icon\">\n\t\t\t<svg aria-hidden=\"true\" class=\"e-font-icon-svg e-fas-clipboard-list\" viewBox=\"0 0 384 512\" xmlns=\"http:\/\/www.w3.org\/2000\/svg\"><path d=\"M336 64h-80c0-35.3-28.7-64-64-64s-64 28.7-64 64H48C21.5 64 0 85.5 0 112v352c0 26.5 21.5 48 48 48h288c26.5 0 48-21.5 48-48V112c0-26.5-21.5-48-48-48zM96 424c-13.3 0-24-10.7-24-24s10.7-24 24-24 24 10.7 24 24-10.7 24-24 24zm0-96c-13.3 0-24-10.7-24-24s10.7-24 24-24 24 10.7 24 24-10.7 24-24 24zm0-96c-13.3 0-24-10.7-24-24s10.7-24 24-24 24 10.7 24 24-10.7 24-24 24zm96-192c13.3 0 24 10.7 24 24s-10.7 24-24 24-24-10.7-24-24 10.7-24 24-24zm128 368c0 4.4-3.6 8-8 8H168c-4.4 0-8-3.6-8-8v-16c0-4.4 3.6-8 8-8h144c4.4 0 8 3.6 8 8v16zm0-96c0 4.4-3.6 8-8 8H168c-4.4 0-8-3.6-8-8v-16c0-4.4 3.6-8 8-8h144c4.4 0 8 3.6 8 8v16zm0-96c0 4.4-3.6 8-8 8H168c-4.4 0-8-3.6-8-8v-16c0-4.4 3.6-8 8-8h144c4.4 0 8 3.6 8 8v16z\"><\/path><\/svg>\t\t\t<\/div>\n\t\t<\/div>\n\t\t\t\t\t\t<\/div>\n\t\t\t\t<div class=\"elementor-element elementor-element-0421681 elementor-widget elementor-widget-text-editor\" data-id=\"0421681\" data-element_type=\"widget\" data-e-type=\"widget\" data-widget_type=\"text-editor.default\">\n\t\t\t\t\t\t\t\t\t<p>Diagn\u00f3sticos e tratamentos antecipados para evitar problemas futuros.<\/p>\t\t\t\t\t\t\t\t<\/div>\n\t\t\t\t<\/div>\n\t\t\t\t<\/div>\n\t\t\t\t\t<\/div>\n\t\t\t\t<\/div>\n\t\t<div class=\"elementor-element elementor-element-851adb6 e-flex e-con-boxed elementor-invisible e-con e-parent\" data-id=\"851adb6\" data-element_type=\"container\" data-e-type=\"container\" data-settings=\"{&quot;background_background&quot;:&quot;classic&quot;,&quot;animation&quot;:&quot;fadeInRight&quot;}\">\n\t\t\t\t\t<div class=\"e-con-inner\">\n\t\t<div class=\"elementor-element elementor-element-866ed23 e-con-full e-flex elementor-invisible e-con e-child\" data-id=\"866ed23\" data-element_type=\"container\" data-e-type=\"container\" data-settings=\"{&quot;animation&quot;:&quot;fadeInLeft&quot;}\">\n\t\t\t\t<div class=\"elementor-element elementor-element-3ab86f5 elementor-widget elementor-widget-heading\" data-id=\"3ab86f5\" data-element_type=\"widget\" data-e-type=\"widget\" data-widget_type=\"heading.default\">\n\t\t\t\t\t<h1 class=\"elementor-heading-title elementor-size-default\">Garanta um sorriso saud\u00e1vel desde os primeiros anos.<\/h1>\t\t\t\t<\/div>\n\t\t\t\t<div class=\"elementor-element elementor-element-0e0f245 elementor-widget-tablet__width-initial elementor-widget__width-initial elementor-widget elementor-widget-text-editor\" data-id=\"0e0f245\" data-element_type=\"widget\" data-e-type=\"widget\" data-widget_type=\"text-editor.default\">\n\t\t\t\t\t\t\t\t\t<p>Agende a avalia\u00e7\u00e3o do seu filho e descubra como prevenir problemas futuros com acompanhamento especializado.<\/p>\t\t\t\t\t\t\t\t<\/div>\n\t\t\t\t<div class=\"elementor-element elementor-element-04dd0fc elementor-mobile-align-center elementor-widget elementor-widget-button\" data-id=\"04dd0fc\" data-element_type=\"widget\" data-e-type=\"widget\" data-widget_type=\"button.default\">\n\t\t\t\t\t\t\t\t\t\t<a class=\"elementor-button elementor-button-link elementor-size-sm elementor-animation-grow\" href=\"https:\/\/inovaticare.com.br\/?page_id=881\">\n\t\t\t\t\t\t<span class=\"elementor-button-content-wrapper\">\n\t\t\t\t\t\t\t\t\t<span class=\"elementor-button-text\">Agende sua consulta agora!<\/span>\n\t\t\t\t\t<\/span>\n\t\t\t\t\t<\/a>\n\t\t\t\t\t\t\t\t<\/div>\n\t\t\t\t<\/div>\n\t\t\t\t\t<\/div>\n\t\t\t\t<\/div>\n\t\t\t\t<\/div>\n\t\t","protected":false},"excerpt":{"rendered":"<p>Tratamentos Beb\u00eas e crian\u00e7as O cuidado com o sorriso deve come\u00e7ar ainda nos primeiros meses de vida. A odontologia preventiva infantil \u00e9 essencial para garantir o desenvolvimento saud\u00e1vel da boca, da face e da mastiga\u00e7\u00e3o. Na Inovati Care, acompanhamos de perto o crescimento dos pequenos, oferecendo uma abordagem acolhedora e l\u00fadica que conquista a confian\u00e7a [&hellip;]<\/p>\n","protected":false},"author":1,"featured_media":0,"parent":0,"menu_order":0,"comment_status":"closed","ping_status":"closed","template":"elementor_header_footer","meta":{"footnotes":""},"class_list":["post-852","page","type-page","status-publish","hentry"],"_links":{"self":[{"href":"https:\/\/inovaticare.com.br\/index.php?rest_route=\/wp\/v2\/pages\/852","targetHints":{"allow":["GET"]}}],"collection":[{"href":"https:\/\/inovaticare.com.br\/index.php?rest_route=\/wp\/v2\/pages"}],"about":[{"href":"https:\/\/inovaticare.com.br\/index.php?rest_route=\/wp\/v2\/types\/page"}],"author":[{"embeddable":true,"href":"https:\/\/inovaticare.com.br\/index.php?rest_route=\/wp\/v2\/users\/1"}],"replies":[{"embeddable":true,"href":"https:\/\/inovaticare.com.br\/index.php?rest_route=%2Fwp%2Fv2%2Fcomments&post=852"}],"version-history":[{"count":102,"href":"https:\/\/inovaticare.com.br\/index.php?rest_route=\/wp\/v2\/pages\/852\/revisions"}],"predecessor-version":[{"id":5140,"href":"https:\/\/inovaticare.com.br\/index.php?rest_route=\/wp\/v2\/pages\/852\/revisions\/5140"}],"wp:attachment":[{"href":"https:\/\/inovaticare.com.br\/index.php?rest_route=%2Fwp%2Fv2%2Fmedia&parent=852"}],"curies":[{"name":"wp","href":"https:\/\/api.w.org\/{rel}","templated":true}]}}